{"id":1244,"date":"2024-08-06T22:58:13","date_gmt":"2024-08-06T22:58:13","guid":{"rendered":"https:\/\/healthybreadbylukas.ie\/product\/wholemeal-bread-with-sunflower-seeds\/"},"modified":"2025-02-03T21:45:01","modified_gmt":"2025-02-03T21:45:01","slug":"chleb-razowy-z-ziarnami-slonecznika","status":"publish","type":"product","link":"https:\/\/healthybreadbylukas.ie\/pl\/produkt\/chleb-razowy-z-ziarnami-slonecznika\/","title":{"rendered":"Chleb pe\u0142noziarnisty z nasionami s\u0142onecznika"},"content":{"rendered":"<p>Ten chleb pe\u0142noziarnisty oferuje bogaty, ziemisty smak dzi\u0119ki po\u0142\u0105czeniu pe\u0142noziarnistej m\u0105ki \u017cytniej i m\u0105ki pszennej. Zakwas \u017cytni dodaje subtelnego posmaku, kt\u00f3ry jest doskonale zr\u00f3wnowa\u017cony przez nasiona s\u0142onecznika, kt\u00f3re wnosz\u0105 rozkoszn\u0105 chrupko\u015b\u0107 do ka\u017cdego k\u0119sa. G\u0119sty, ale delikatny mi\u0119kisz chleba sprawia, \u017ce jest on syc\u0105cy i obfity, idealny do \u0142\u0105czenia z pikantnymi lub s\u0142odkimi dodatkami. Odrobina soli wzmacnia og\u00f3lny smak, a dro\u017cd\u017ce zapewniaj\u0105 lekkie, przewiewne wyrastanie. Ten chleb jest idealny dla tych, kt\u00f3rzy lubi\u0105 zdrowy, bogaty w sk\u0142adniki od\u017cywcze bochenek z odrobin\u0105 chrupko\u015bci.<\/p>","protected":false},"excerpt":{"rendered":"<p>Spr\u00f3buj naszego chleba pe\u0142noziarnistego z ziarnami s\u0142onecznika - wypiekanego w Dublinie w Irlandii - z m\u0105ki \u017cytniej razowej i wzbogaconego ziarnami s\u0142onecznika.<\/p>\n<p>Sk\u0142adniki: m\u0105ka \u017cytnia razowa, m\u0105ka pszenna, zakwas \u017cytni, ziarna s\u0142onecznika, woda, s\u00f3l, dro\u017cd\u017ce<\/p>","protected":false},"featured_media":1213,"comment_status":"open","ping_status":"closed","template":"","meta":{"_acf_changed":false},"product_brand":[],"product_cat":[34],"product_tag":[],"class_list":{"0":"post-1244","1":"product","2":"type-product","3":"status-publish","4":"has-post-thumbnail","6":"product_cat-breads","8":"first","9":"instock","10":"purchasable","11":"product-type-simple"},"acf":[],"_links":{"self":[{"href":"https:\/\/healthybreadbylukas.ie\/pl\/wp-json\/wp\/v2\/product\/1244","targetHints":{"allow":["GET"]}}],"collection":[{"href":"https:\/\/healthybreadbylukas.ie\/pl\/wp-json\/wp\/v2\/product"}],"about":[{"href":"https:\/\/healthybreadbylukas.ie\/pl\/wp-json\/wp\/v2\/types\/product"}],"replies":[{"embeddable":true,"href":"https:\/\/healthybreadbylukas.ie\/pl\/wp-json\/wp\/v2\/comments?post=1244"}],"wp:featuredmedia":[{"embeddable":true,"href":"https:\/\/healthybreadbylukas.ie\/pl\/wp-json\/wp\/v2\/media\/1213"}],"wp:attachment":[{"href":"https:\/\/healthybreadbylukas.ie\/pl\/wp-json\/wp\/v2\/media?parent=1244"}],"wp:term":[{"taxonomy":"product_brand","embeddable":true,"href":"https:\/\/healthybreadbylukas.ie\/pl\/wp-json\/wp\/v2\/product_brand?post=1244"},{"taxonomy":"product_cat","embeddable":true,"href":"https:\/\/healthybreadbylukas.ie\/pl\/wp-json\/wp\/v2\/product_cat?post=1244"},{"taxonomy":"product_tag","embeddable":true,"href":"https:\/\/healthybreadbylukas.ie\/pl\/wp-json\/wp\/v2\/product_tag?post=1244"}],"curies":[{"name":"wp","href":"https:\/\/api.w.org\/{rel}","templated":true}]}}