{"id":1245,"date":"2024-08-06T22:58:13","date_gmt":"2024-08-06T22:58:13","guid":{"rendered":"https:\/\/healthybreadbylukas.ie\/product\/wheat-rye-bread\/"},"modified":"2025-04-07T10:03:14","modified_gmt":"2025-04-07T10:03:14","slug":"chleb-pszenno-zytni","status":"publish","type":"product","link":"https:\/\/healthybreadbylukas.ie\/pl\/produkt\/chleb-pszenno-zytni\/","title":{"rendered":"Chleb pszenno-\u017cytni"},"content":{"rendered":"<p>Ten chleb pszenno-\u017cytni oferuje zachwycaj\u0105c\u0105 r\u00f3wnowag\u0119 smak\u00f3w, \u0142\u0105cz\u0105c \u0142agodn\u0105 s\u0142odycz m\u0105ki pszennej z pikantn\u0105 g\u0142\u0119bi\u0105 zakwasu \u017cytniego. Dodatek sezamu i maku sprawia, \u017ce chleb jest subtelnie chrupi\u0105cy przy ka\u017cdym k\u0119sie. Jego mi\u0119kisz jest mi\u0119kki, a jednocze\u015bnie solidny, co czyni go wszechstronnym wyborem zar\u00f3wno do prostych tost\u00f3w, jak i wykwintnych kanapek. Odrobina soli wzmacnia og\u00f3lny smak, a dro\u017cd\u017ce zapewniaj\u0105 lekkie, r\u00f3wnomierne wyrastanie. Idealny dla tych, kt\u00f3rzy ceni\u0105 sobie chleb, kt\u00f3ry jest zar\u00f3wno aromatyczny, jak i po\u017cywny.<\/p>","protected":false},"excerpt":{"rendered":"<p>Zam\u00f3w smaczny, \u015bwie\u017cy chleb pszenno-\u017cytni online z naszej piekarni w Dublinie z dostaw\u0105 na terenie ca\u0142ego kraju i delektuj si\u0119 jego naturalnie pysznym smakiem.<\/p>\n<p>Sk\u0142adniki: m\u0105ka pszenna, zakwas \u017cytni, sezam, mak, woda, s\u00f3l, dro\u017cd\u017ce<\/p>","protected":false},"featured_media":1892,"comment_status":"open","ping_status":"closed","template":"","meta":{"_acf_changed":false},"product_brand":[],"product_cat":[34],"product_tag":[],"class_list":{"0":"post-1245","1":"product","2":"type-product","3":"status-publish","4":"has-post-thumbnail","6":"product_cat-breads","8":"first","9":"instock","10":"purchasable","11":"product-type-simple"},"acf":[],"_links":{"self":[{"href":"https:\/\/healthybreadbylukas.ie\/pl\/wp-json\/wp\/v2\/product\/1245","targetHints":{"allow":["GET"]}}],"collection":[{"href":"https:\/\/healthybreadbylukas.ie\/pl\/wp-json\/wp\/v2\/product"}],"about":[{"href":"https:\/\/healthybreadbylukas.ie\/pl\/wp-json\/wp\/v2\/types\/product"}],"replies":[{"embeddable":true,"href":"https:\/\/healthybreadbylukas.ie\/pl\/wp-json\/wp\/v2\/comments?post=1245"}],"wp:featuredmedia":[{"embeddable":true,"href":"https:\/\/healthybreadbylukas.ie\/pl\/wp-json\/wp\/v2\/media\/1892"}],"wp:attachment":[{"href":"https:\/\/healthybreadbylukas.ie\/pl\/wp-json\/wp\/v2\/media?parent=1245"}],"wp:term":[{"taxonomy":"product_brand","embeddable":true,"href":"https:\/\/healthybreadbylukas.ie\/pl\/wp-json\/wp\/v2\/product_brand?post=1245"},{"taxonomy":"product_cat","embeddable":true,"href":"https:\/\/healthybreadbylukas.ie\/pl\/wp-json\/wp\/v2\/product_cat?post=1245"},{"taxonomy":"product_tag","embeddable":true,"href":"https:\/\/healthybreadbylukas.ie\/pl\/wp-json\/wp\/v2\/product_tag?post=1245"}],"curies":[{"name":"wp","href":"https:\/\/api.w.org\/{rel}","templated":true}]}}