{"id":1247,"date":"2024-08-06T22:58:13","date_gmt":"2024-08-06T22:58:13","guid":{"rendered":"https:\/\/healthybreadbylukas.ie\/product\/wheat-rye-baguette-with-poppy-seeds-and-sesame\/"},"modified":"2025-02-03T21:44:22","modified_gmt":"2025-02-03T21:44:22","slug":"bagietka-pszenno-zytnia-z-makiem-i-sezamem","status":"publish","type":"product","link":"https:\/\/healthybreadbylukas.ie\/pl\/produkt\/bagietka-pszenno-zytnia-z-makiem-i-sezamem\/","title":{"rendered":"Bagietka pszenno-\u017cytnia z makiem i sezamem"},"content":{"rendered":"<p>Bagietka pszenno-\u017cytnia to zachwycaj\u0105ca fuzja smak\u00f3w, \u0142\u0105cz\u0105ca \u0142agodn\u0105 s\u0142odycz m\u0105ki pszennej z pikantn\u0105 g\u0142\u0119bi\u0105 zakwasu \u017cytniego. Dodatek sezamu i maku nadaje jej ziemisty smak i przyjemn\u0105 chrupko\u015b\u0107 w ka\u017cdym k\u0119sie. Chrupi\u0105ca i z\u0142ocista sk\u00f3rka otacza mi\u0119kki, przewiewny mi\u0119kisz, kt\u00f3ry dobrze komponuje si\u0119 zar\u00f3wno z pikantnymi, jak i s\u0142odkimi dodatkami. Odrobina soli wzmacnia og\u00f3lny smak, podczas gdy dro\u017cd\u017ce zapewniaj\u0105 idealne wyro\u015bni\u0119cie, zapewniaj\u0105c lekk\u0105, ale satysfakcjonuj\u0105c\u0105 konsystencj\u0119. Ta bagietka jest idealna dla tych, kt\u00f3rzy ceni\u0105 sobie smakowite pieczywo o wielu teksturach.<\/p>","protected":false},"excerpt":{"rendered":"<p>Ciesz si\u0119 nasz\u0105 pszenno-\u017cytni\u0105 bagietk\u0105 z makiem i sezamem - zdrow\u0105 i \u015bwie\u017c\u0105 bagietk\u0105 wypiekan\u0105 w naszej piekarni w Dublinie z dostaw\u0105 na terenie ca\u0142ego kraju.<\/p>\n<p>Sk\u0142adniki: M\u0105ka pszenna, zakwas \u017cytni, sezam, mak, woda, s\u00f3l, dro\u017cd\u017ce<\/p>","protected":false},"featured_media":1211,"comment_status":"open","ping_status":"closed","template":"","meta":{"_acf_changed":false},"product_brand":[],"product_cat":[35],"product_tag":[],"class_list":{"0":"post-1247","1":"product","2":"type-product","3":"status-publish","4":"has-post-thumbnail","6":"product_cat-baguettes","8":"first","9":"instock","10":"purchasable","11":"product-type-simple"},"acf":[],"_links":{"self":[{"href":"https:\/\/healthybreadbylukas.ie\/pl\/wp-json\/wp\/v2\/product\/1247","targetHints":{"allow":["GET"]}}],"collection":[{"href":"https:\/\/healthybreadbylukas.ie\/pl\/wp-json\/wp\/v2\/product"}],"about":[{"href":"https:\/\/healthybreadbylukas.ie\/pl\/wp-json\/wp\/v2\/types\/product"}],"replies":[{"embeddable":true,"href":"https:\/\/healthybreadbylukas.ie\/pl\/wp-json\/wp\/v2\/comments?post=1247"}],"wp:featuredmedia":[{"embeddable":true,"href":"https:\/\/healthybreadbylukas.ie\/pl\/wp-json\/wp\/v2\/media\/1211"}],"wp:attachment":[{"href":"https:\/\/healthybreadbylukas.ie\/pl\/wp-json\/wp\/v2\/media?parent=1247"}],"wp:term":[{"taxonomy":"product_brand","embeddable":true,"href":"https:\/\/healthybreadbylukas.ie\/pl\/wp-json\/wp\/v2\/product_brand?post=1247"},{"taxonomy":"product_cat","embeddable":true,"href":"https:\/\/healthybreadbylukas.ie\/pl\/wp-json\/wp\/v2\/product_cat?post=1247"},{"taxonomy":"product_tag","embeddable":true,"href":"https:\/\/healthybreadbylukas.ie\/pl\/wp-json\/wp\/v2\/product_tag?post=1247"}],"curies":[{"name":"wp","href":"https:\/\/api.w.org\/{rel}","templated":true}]}}