{"id":1249,"date":"2024-08-06T22:58:13","date_gmt":"2024-08-06T22:58:13","guid":{"rendered":"https:\/\/healthybreadbylukas.ie\/product\/spelled-bread\/"},"modified":"2025-02-03T21:44:32","modified_gmt":"2025-02-03T21:44:32","slug":"chleb-orkiszowy","status":"publish","type":"product","link":"https:\/\/healthybreadbylukas.ie\/pl\/produkt\/chleb-orkiszowy\/","title":{"rendered":"Chleb Orkiszowy"},"content":{"rendered":"<p>Ten chleb orkiszowy oferuje bogaty smak dzi\u0119ki naturalnie s\u0142odkiej i zdrowej m\u0105ce orkiszowej. Po\u0142\u0105czenie orkiszu i zakwasu \u017cytniego nadaje chlebowi g\u0142\u0119boki, ziemisty smak z subtelnym posmakiem, kt\u00f3ry podkre\u015bla jego z\u0142o\u017cono\u015b\u0107. Sezam i mak dodaj\u0105 rozkosznej chrupko\u015bci i lekko opiekanego aromatu, sprawiaj\u0105c, \u017ce ka\u017cda kromka jest teksturow\u0105 rozkosz\u0105. Mi\u0119kisz jest mi\u0119kki, a jednocze\u015bnie obfity, idealny do przechowywania r\u00f3\u017cnych dodatk\u00f3w. Odrobina soli r\u00f3wnowa\u017cy smaki, a dro\u017cd\u017ce zapewniaj\u0105 lekk\u0105, przewiewn\u0105 struktur\u0119, dzi\u0119ki czemu chleb ten jest po\u017cywnym wyborem na ka\u017cdy posi\u0142ek.<\/p>","protected":false},"excerpt":{"rendered":"<p>Poznaj klasyczny chleb orkiszowy i rozkoszuj si\u0119 aromatycznym, naturalnym bochenkiem - zdrow\u0105 opcj\u0105 z bogatym b\u0142onnikiem i satysfakcjonuj\u0105cym, zdrowym smakiem.<\/p>\n<p>Sk\u0142adniki: m\u0105ka orkiszowa, zakwas, zakwas \u017cytni, woda, s\u00f3l, dro\u017cd\u017ce, sezam, mak<\/p>","protected":false},"featured_media":1207,"comment_status":"open","ping_status":"closed","template":"","meta":{"_acf_changed":false},"product_brand":[],"product_cat":[34],"product_tag":[],"class_list":{"0":"post-1249","1":"product","2":"type-product","3":"status-publish","4":"has-post-thumbnail","6":"product_cat-breads","8":"first","9":"instock","10":"purchasable","11":"product-type-simple"},"acf":[],"_links":{"self":[{"href":"https:\/\/healthybreadbylukas.ie\/pl\/wp-json\/wp\/v2\/product\/1249","targetHints":{"allow":["GET"]}}],"collection":[{"href":"https:\/\/healthybreadbylukas.ie\/pl\/wp-json\/wp\/v2\/product"}],"about":[{"href":"https:\/\/healthybreadbylukas.ie\/pl\/wp-json\/wp\/v2\/types\/product"}],"replies":[{"embeddable":true,"href":"https:\/\/healthybreadbylukas.ie\/pl\/wp-json\/wp\/v2\/comments?post=1249"}],"wp:featuredmedia":[{"embeddable":true,"href":"https:\/\/healthybreadbylukas.ie\/pl\/wp-json\/wp\/v2\/media\/1207"}],"wp:attachment":[{"href":"https:\/\/healthybreadbylukas.ie\/pl\/wp-json\/wp\/v2\/media?parent=1249"}],"wp:term":[{"taxonomy":"product_brand","embeddable":true,"href":"https:\/\/healthybreadbylukas.ie\/pl\/wp-json\/wp\/v2\/product_brand?post=1249"},{"taxonomy":"product_cat","embeddable":true,"href":"https:\/\/healthybreadbylukas.ie\/pl\/wp-json\/wp\/v2\/product_cat?post=1249"},{"taxonomy":"product_tag","embeddable":true,"href":"https:\/\/healthybreadbylukas.ie\/pl\/wp-json\/wp\/v2\/product_tag?post=1249"}],"curies":[{"name":"wp","href":"https:\/\/api.w.org\/{rel}","templated":true}]}}