{"id":1252,"date":"2024-08-06T22:58:13","date_gmt":"2024-08-06T22:58:13","guid":{"rendered":"https:\/\/healthybreadbylukas.ie\/product\/rye-bread-with-dried-tomato\/"},"modified":"2025-02-03T21:44:48","modified_gmt":"2025-02-03T21:44:48","slug":"chleb-zytni-z-suszonym-pomidorem","status":"publish","type":"product","link":"https:\/\/healthybreadbylukas.ie\/pl\/produkt\/chleb-zytni-z-suszonym-pomidorem\/","title":{"rendered":"Chleb \u017cytni z pomidorami"},"content":{"rendered":"<p>Ten chleb \u017cytni \u0142\u0105czy w sobie g\u0142\u0119boki, ziemisty smak m\u0105ki \u017cytniej i razowej m\u0105ki \u017cytniej z pikantn\u0105 s\u0142odycz\u0105 suszonych pomidor\u00f3w. \u017bytni zakwas dodaje subtelnej cierpko\u015bci, podczas gdy suszone pomidory wprowadzaj\u0105 przyp\u0142yw \u017cywego smaku, kt\u00f3ry uzupe\u0142nia bogat\u0105 baz\u0119 chleba. Mieszanka zi\u00f3\u0142 i ziaren sezamu dodaje aromatycznych nut i zachwycaj\u0105cej chrupko\u015bci, sprawiaj\u0105c, \u017ce ka\u017cda kromka jest zmys\u0142owym doznaniem. Mi\u0119kisz jest g\u0119sty i wilgotny, idealny do spo\u017cywania samodzielnie lub w po\u0142\u0105czeniu z pikantnymi pastami. Odrobina soli wzmacnia og\u00f3lny smak, czyni\u0105c ten chleb wyj\u0105tkowym i aromatycznym dodatkiem do ka\u017cdego posi\u0142ku.<\/p>","protected":false},"excerpt":{"rendered":"<p>Poznaj nasz chleb \u017cytni z pomidorami - wykonany z \u017cyta i wzbogacony suszonymi pomidorami i zio\u0142ami, \u015bwie\u017co wypiekany i dostarczany w Irlandii.<\/p>\n<p>Sk\u0142adniki: m\u0105ka \u017cytnia, m\u0105ka \u017cytnia razowa, zakwas \u017cytni, suszone pomidory, zio\u0142a, sezam, woda, s\u00f3l<\/p>","protected":false},"featured_media":1203,"comment_status":"open","ping_status":"closed","template":"","meta":{"_acf_changed":false},"product_brand":[],"product_cat":[34],"product_tag":[],"class_list":{"0":"post-1252","1":"product","2":"type-product","3":"status-publish","4":"has-post-thumbnail","6":"product_cat-breads","8":"first","9":"instock","10":"purchasable","11":"product-type-simple"},"acf":[],"_links":{"self":[{"href":"https:\/\/healthybreadbylukas.ie\/pl\/wp-json\/wp\/v2\/product\/1252","targetHints":{"allow":["GET"]}}],"collection":[{"href":"https:\/\/healthybreadbylukas.ie\/pl\/wp-json\/wp\/v2\/product"}],"about":[{"href":"https:\/\/healthybreadbylukas.ie\/pl\/wp-json\/wp\/v2\/types\/product"}],"replies":[{"embeddable":true,"href":"https:\/\/healthybreadbylukas.ie\/pl\/wp-json\/wp\/v2\/comments?post=1252"}],"wp:featuredmedia":[{"embeddable":true,"href":"https:\/\/healthybreadbylukas.ie\/pl\/wp-json\/wp\/v2\/media\/1203"}],"wp:attachment":[{"href":"https:\/\/healthybreadbylukas.ie\/pl\/wp-json\/wp\/v2\/media?parent=1252"}],"wp:term":[{"taxonomy":"product_brand","embeddable":true,"href":"https:\/\/healthybreadbylukas.ie\/pl\/wp-json\/wp\/v2\/product_brand?post=1252"},{"taxonomy":"product_cat","embeddable":true,"href":"https:\/\/healthybreadbylukas.ie\/pl\/wp-json\/wp\/v2\/product_cat?post=1252"},{"taxonomy":"product_tag","embeddable":true,"href":"https:\/\/healthybreadbylukas.ie\/pl\/wp-json\/wp\/v2\/product_tag?post=1252"}],"curies":[{"name":"wp","href":"https:\/\/api.w.org\/{rel}","templated":true}]}}