{"id":1254,"date":"2024-08-06T22:58:13","date_gmt":"2024-08-06T22:58:13","guid":{"rendered":"https:\/\/healthybreadbylukas.ie\/product\/rye-bread-with-cranberries\/"},"modified":"2025-02-03T21:44:57","modified_gmt":"2025-02-03T21:44:57","slug":"chleb-zytni-z-zurawina","status":"publish","type":"product","link":"https:\/\/healthybreadbylukas.ie\/pl\/produkt\/chleb-zytni-z-zurawina\/","title":{"rendered":"Chleb \u017cytni z \u017curawin\u0105"},"content":{"rendered":"<p>Ten chleb \u017cytni \u0142\u0105czy w sobie mocny, ziemisty smak m\u0105ki \u017cytniej i razowej m\u0105ki \u017cytniej ze s\u0142odk\u0105, cierpk\u0105 nut\u0105 \u017curawiny. Zakwas \u017cytni dodaje subtelnego posmaku, wzmacniaj\u0105c bogaty i z\u0142o\u017cony smak chleba, podczas gdy \u017curawina zapewnia zachwycaj\u0105cy kontrast dzi\u0119ki swojej soczystej s\u0142odyczy. Ziarna sezamu dodaj\u0105 delikatnego orzechowego posmaku i lekkiej chrupko\u015bci, sprawiaj\u0105c, \u017ce ka\u017cda kromka jest zar\u00f3wno aromatyczna, jak i teksturowana. Mi\u0119kisz jest g\u0119sty i wilgotny, idealny do delektowania si\u0119 zar\u00f3wno s\u0142odkimi, jak i pikantnymi dodatkami. Odrobina soli r\u00f3wnowa\u017cy smaki, sprawiaj\u0105c, \u017ce chleb ten jest wyj\u0105tkowym wyborem na ka\u017cd\u0105 okazj\u0119.<\/p>","protected":false},"excerpt":{"rendered":"<p>Spr\u00f3buj naszego \u015bwie\u017co upieczonego chleba \u017cytniego z \u017curawin\u0105, \u0142\u0105cz\u0105cego bogaty, obfity smak \u017cyta z cierpk\u0105 s\u0142odycz\u0105 \u017curawiny.<\/p>\n<p>Sk\u0142adniki: m\u0105ka \u017cytnia, m\u0105ka \u017cytnia razowa, zakwas \u017cytni, \u017curawina, sezam, woda, s\u00f3l<\/p>","protected":false},"featured_media":1202,"comment_status":"open","ping_status":"closed","template":"","meta":{"_acf_changed":false},"product_brand":[],"product_cat":[34],"product_tag":[],"class_list":{"0":"post-1254","1":"product","2":"type-product","3":"status-publish","4":"has-post-thumbnail","6":"product_cat-breads","8":"first","9":"instock","10":"purchasable","11":"product-type-simple"},"acf":[],"_links":{"self":[{"href":"https:\/\/healthybreadbylukas.ie\/pl\/wp-json\/wp\/v2\/product\/1254","targetHints":{"allow":["GET"]}}],"collection":[{"href":"https:\/\/healthybreadbylukas.ie\/pl\/wp-json\/wp\/v2\/product"}],"about":[{"href":"https:\/\/healthybreadbylukas.ie\/pl\/wp-json\/wp\/v2\/types\/product"}],"replies":[{"embeddable":true,"href":"https:\/\/healthybreadbylukas.ie\/pl\/wp-json\/wp\/v2\/comments?post=1254"}],"wp:featuredmedia":[{"embeddable":true,"href":"https:\/\/healthybreadbylukas.ie\/pl\/wp-json\/wp\/v2\/media\/1202"}],"wp:attachment":[{"href":"https:\/\/healthybreadbylukas.ie\/pl\/wp-json\/wp\/v2\/media?parent=1254"}],"wp:term":[{"taxonomy":"product_brand","embeddable":true,"href":"https:\/\/healthybreadbylukas.ie\/pl\/wp-json\/wp\/v2\/product_brand?post=1254"},{"taxonomy":"product_cat","embeddable":true,"href":"https:\/\/healthybreadbylukas.ie\/pl\/wp-json\/wp\/v2\/product_cat?post=1254"},{"taxonomy":"product_tag","embeddable":true,"href":"https:\/\/healthybreadbylukas.ie\/pl\/wp-json\/wp\/v2\/product_tag?post=1254"}],"curies":[{"name":"wp","href":"https:\/\/api.w.org\/{rel}","templated":true}]}}