{"id":1255,"date":"2024-08-06T22:58:14","date_gmt":"2024-08-06T22:58:14","guid":{"rendered":"https:\/\/healthybreadbylukas.ie\/product\/rye-bread-7-seeds-and-cumin-seeds\/"},"modified":"2025-02-03T21:43:59","modified_gmt":"2025-02-03T21:43:59","slug":"chleb-zytni-7-ziaren-i-nasiona-kminku","status":"publish","type":"product","link":"https:\/\/healthybreadbylukas.ie\/pl\/produkt\/chleb-zytni-7-ziaren-i-nasiona-kminku\/","title":{"rendered":"Chleb \u017bytni 7 Zb\u00f3\u017c z Nasionami Czarnuszki"},"content":{"rendered":"<p>Chleb \u017cytni 7 zb\u00f3\u017c to obfity i aromatyczny bochenek, stworzony z solidnej mieszanki m\u0105ki \u017cytniej i razowej m\u0105ki \u017cytniej, wzbogacony pikantn\u0105 g\u0142\u0119bi\u0105 zakwasu \u017cytniego. Dodatek nasion czarnuszki wprowadza lekko pieprzny, aromatyczny smak, kt\u00f3ry uzupe\u0142nia ziemiste nuty \u017cyta. Mieszanka dyni, sezamu, s\u0142onecznika i innych ziaren dodaje rozkosznej chrupko\u015bci i bogactwa, dzi\u0119ki czemu ka\u017cdy kawa\u0142ek jest zar\u00f3wno satysfakcjonuj\u0105cy, jak i po\u017cywny. Mi\u0119kisz jest g\u0119sty i ci\u0105gn\u0105cy, idealny do spo\u017cywania z r\u00f3\u017cnymi dodatkami lub po prostu samodzielnie. Odrobina soli wzmacnia og\u00f3lny smak, czyni\u0105c ten chleb zdrowym i aromatycznym wyborem dla mi\u0142o\u015bnik\u00f3w zb\u00f3\u017c.<\/p>","protected":false},"excerpt":{"rendered":"<p>Rozkoszuj si\u0119 naszym chlebem \u017cytnim 7 ziaren z nasionami czarnuszki, zawieraj\u0105cym mieszank\u0119 m\u0105ki \u017cytniej i razowej z aromatycznymi nasionami czarnuszki - zam\u00f3w online.<\/p>\n<p>Sk\u0142adniki: m\u0105ka \u017cytnia, m\u0105ka \u017cytnia razowa, zakwas \u017cytni, nasiona czarnuszki, dyni, sezamu, s\u0142onecznika, nasiona mieszane, woda, s\u00f3l.<\/p>","protected":false},"featured_media":1200,"comment_status":"open","ping_status":"closed","template":"","meta":{"_acf_changed":false},"product_brand":[],"product_cat":[34],"product_tag":[],"class_list":{"0":"post-1255","1":"product","2":"type-product","3":"status-publish","4":"has-post-thumbnail","6":"product_cat-breads","8":"first","9":"instock","10":"purchasable","11":"product-type-simple"},"acf":[],"_links":{"self":[{"href":"https:\/\/healthybreadbylukas.ie\/pl\/wp-json\/wp\/v2\/product\/1255","targetHints":{"allow":["GET"]}}],"collection":[{"href":"https:\/\/healthybreadbylukas.ie\/pl\/wp-json\/wp\/v2\/product"}],"about":[{"href":"https:\/\/healthybreadbylukas.ie\/pl\/wp-json\/wp\/v2\/types\/product"}],"replies":[{"embeddable":true,"href":"https:\/\/healthybreadbylukas.ie\/pl\/wp-json\/wp\/v2\/comments?post=1255"}],"wp:featuredmedia":[{"embeddable":true,"href":"https:\/\/healthybreadbylukas.ie\/pl\/wp-json\/wp\/v2\/media\/1200"}],"wp:attachment":[{"href":"https:\/\/healthybreadbylukas.ie\/pl\/wp-json\/wp\/v2\/media?parent=1255"}],"wp:term":[{"taxonomy":"product_brand","embeddable":true,"href":"https:\/\/healthybreadbylukas.ie\/pl\/wp-json\/wp\/v2\/product_brand?post=1255"},{"taxonomy":"product_cat","embeddable":true,"href":"https:\/\/healthybreadbylukas.ie\/pl\/wp-json\/wp\/v2\/product_cat?post=1255"},{"taxonomy":"product_tag","embeddable":true,"href":"https:\/\/healthybreadbylukas.ie\/pl\/wp-json\/wp\/v2\/product_tag?post=1255"}],"curies":[{"name":"wp","href":"https:\/\/api.w.org\/{rel}","templated":true}]}}