{"id":1256,"date":"2024-08-06T22:58:14","date_gmt":"2024-08-06T22:58:14","guid":{"rendered":"https:\/\/healthybreadbylukas.ie\/product\/buckwheat-bread\/"},"modified":"2025-02-03T21:43:48","modified_gmt":"2025-02-03T21:43:48","slug":"chleb-gryczany","status":"publish","type":"product","link":"https:\/\/healthybreadbylukas.ie\/pl\/produkt\/chleb-gryczany\/","title":{"rendered":"Chleb Gryczany"},"content":{"rendered":"<p>Ten chleb gryczany oferuje wyj\u0105tkowy i obfity smak, z wyra\u017anym, ziemistym smakiem m\u0105ki gryczanej. Dodatek m\u0105ki ziemniaczanej nadaje chlebowi delikatny, lekko wilgotny mi\u0119kisz, a \u0142uska psyllium zapewnia satysfakcjonuj\u0105c\u0105 g\u0119sto\u015b\u0107 i pomaga w tworzeniu doskona\u0142ej tekstury. Mieszanka siemienia lnianego, nasion s\u0142onecznika, pestek dyni i nasion chia dodaje bogactwa i zachwycaj\u0105cej chrupko\u015bci ka\u017cdemu k\u0119sowi. Mieszanka nasion podkre\u015bla pe\u0142nowarto\u015bciowy charakter chleba, czyni\u0105c go po\u017cywnym wyborem dla os\u00f3b poszukuj\u0105cych aromatycznej, bezglutenowej opcji. Odrobina soli i dro\u017cd\u017cy zapewnia zr\u00f3wnowa\u017cony smak i lekkie wyrastanie, idealne do delektowania si\u0119 zar\u00f3wno s\u0142odkimi, jak i pikantnymi dodatkami.<\/p>","protected":false},"excerpt":{"rendered":"<p>Odkryj nasz chleb gryczany w naszej piekarni, wypiekany z m\u0105ki gryczanej i mieszanki ziaren, zam\u00f3w online w Irlandii po po\u017cywny bochenek.<\/p>\n<p>Sk\u0142adniki: m\u0105ka gryczana, m\u0105ka ziemniaczana, \u0142uska psyllium, siemi\u0119 lniane, nasiona s\u0142onecznika, pestki dyni, nasiona chia, woda, s\u00f3l, dro\u017cd\u017ce, mieszanka nasion.<\/p>","protected":false},"featured_media":1199,"comment_status":"open","ping_status":"closed","template":"","meta":{"_acf_changed":false},"product_brand":[],"product_cat":[34],"product_tag":[],"class_list":{"0":"post-1256","1":"product","2":"type-product","3":"status-publish","4":"has-post-thumbnail","6":"product_cat-breads","8":"first","9":"instock","10":"purchasable","11":"product-type-simple"},"acf":[],"_links":{"self":[{"href":"https:\/\/healthybreadbylukas.ie\/pl\/wp-json\/wp\/v2\/product\/1256","targetHints":{"allow":["GET"]}}],"collection":[{"href":"https:\/\/healthybreadbylukas.ie\/pl\/wp-json\/wp\/v2\/product"}],"about":[{"href":"https:\/\/healthybreadbylukas.ie\/pl\/wp-json\/wp\/v2\/types\/product"}],"replies":[{"embeddable":true,"href":"https:\/\/healthybreadbylukas.ie\/pl\/wp-json\/wp\/v2\/comments?post=1256"}],"wp:featuredmedia":[{"embeddable":true,"href":"https:\/\/healthybreadbylukas.ie\/pl\/wp-json\/wp\/v2\/media\/1199"}],"wp:attachment":[{"href":"https:\/\/healthybreadbylukas.ie\/pl\/wp-json\/wp\/v2\/media?parent=1256"}],"wp:term":[{"taxonomy":"product_brand","embeddable":true,"href":"https:\/\/healthybreadbylukas.ie\/pl\/wp-json\/wp\/v2\/product_brand?post=1256"},{"taxonomy":"product_cat","embeddable":true,"href":"https:\/\/healthybreadbylukas.ie\/pl\/wp-json\/wp\/v2\/product_cat?post=1256"},{"taxonomy":"product_tag","embeddable":true,"href":"https:\/\/healthybreadbylukas.ie\/pl\/wp-json\/wp\/v2\/product_tag?post=1256"}],"curies":[{"name":"wp","href":"https:\/\/api.w.org\/{rel}","templated":true}]}}