{"id":1258,"date":"2024-08-06T22:58:14","date_gmt":"2024-08-06T22:58:14","guid":{"rendered":"https:\/\/healthybreadbylukas.ie\/product\/7-grains-bread-and-wild-garlic\/"},"modified":"2025-02-03T21:43:41","modified_gmt":"2025-02-03T21:43:41","slug":"chleb-7-zboz-i-czosnek-niedzwiedzi","status":"publish","type":"product","link":"https:\/\/healthybreadbylukas.ie\/pl\/produkt\/chleb-7-zboz-i-czosnek-niedzwiedzi\/","title":{"rendered":"Chleb 7 zb\u00f3\u017c i dziki czosnek"},"content":{"rendered":"<p>Ten 7-ziarnisty chleb z dzikim czosnkiem \u0142\u0105czy obfite, ziemiste smaki m\u0105ki \u017cytniej i razowej m\u0105ki \u017cytniej z bogatymi, pikantnymi nutami zakwasu \u017cytniego. Czosnek nied\u017awiedzi nadaje chlebowi aromatyczny, pikantny aromat, oferuj\u0105c unikalny akcent, kt\u00f3ry podnosi og\u00f3lny profil smakowy. Mi\u0119kisz jest g\u0119sty i satysfakcjonuj\u0105cy, idealny do \u0142\u0105czenia z zupami, serami lub po prostu sam. Odrobina soli \u0142\u0105czy wszystkie elementy, sprawiaj\u0105c, \u017ce chleb ten jest aromatycznym i po\u017cywnym dodatkiem do ka\u017cdego posi\u0142ku.<\/p>","protected":false},"excerpt":{"rendered":"<p>Zam\u00f3w nasz chleb 7 zb\u00f3\u017c z dzikim czosnkiem, wyj\u0105tkow\u0105 mieszank\u0119 obfitych ziaren i aromatycznego irlandzkiego dzikiego czosnku, \u015bwie\u017co wypiekan\u0105 w naszej piekarni w Dublinie.<\/p>\n<p>Sk\u0142adniki M\u0105ka \u017cytnia, m\u0105ka \u017cytnia razowa, zakwas \u017cytni, dynia, pestki s\u0142onecznika, siemi\u0119 lniane, nasiona mieszane, czosnek nied\u017awiedzi, woda, s\u00f3l<\/p>","protected":false},"featured_media":1198,"comment_status":"open","ping_status":"closed","template":"","meta":{"_acf_changed":false},"product_brand":[],"product_cat":[34],"product_tag":[],"class_list":{"0":"post-1258","1":"product","2":"type-product","3":"status-publish","4":"has-post-thumbnail","6":"product_cat-breads","8":"first","9":"instock","10":"purchasable","11":"product-type-simple"},"acf":[],"_links":{"self":[{"href":"https:\/\/healthybreadbylukas.ie\/pl\/wp-json\/wp\/v2\/product\/1258","targetHints":{"allow":["GET"]}}],"collection":[{"href":"https:\/\/healthybreadbylukas.ie\/pl\/wp-json\/wp\/v2\/product"}],"about":[{"href":"https:\/\/healthybreadbylukas.ie\/pl\/wp-json\/wp\/v2\/types\/product"}],"replies":[{"embeddable":true,"href":"https:\/\/healthybreadbylukas.ie\/pl\/wp-json\/wp\/v2\/comments?post=1258"}],"wp:featuredmedia":[{"embeddable":true,"href":"https:\/\/healthybreadbylukas.ie\/pl\/wp-json\/wp\/v2\/media\/1198"}],"wp:attachment":[{"href":"https:\/\/healthybreadbylukas.ie\/pl\/wp-json\/wp\/v2\/media?parent=1258"}],"wp:term":[{"taxonomy":"product_brand","embeddable":true,"href":"https:\/\/healthybreadbylukas.ie\/pl\/wp-json\/wp\/v2\/product_brand?post=1258"},{"taxonomy":"product_cat","embeddable":true,"href":"https:\/\/healthybreadbylukas.ie\/pl\/wp-json\/wp\/v2\/product_cat?post=1258"},{"taxonomy":"product_tag","embeddable":true,"href":"https:\/\/healthybreadbylukas.ie\/pl\/wp-json\/wp\/v2\/product_tag?post=1258"}],"curies":[{"name":"wp","href":"https:\/\/api.w.org\/{rel}","templated":true}]}}