{"id":1259,"date":"2024-08-06T22:58:14","date_gmt":"2024-08-06T22:58:14","guid":{"rendered":"https:\/\/healthybreadbylukas.ie\/product\/tri-flavour-pastry-with-pudding-marmalade-and-cheese\/"},"modified":"2025-01-10T16:35:41","modified_gmt":"2025-01-10T16:35:41","slug":"trojsmak-z-budyniem-marmolada-i-serem","status":"publish","type":"product","link":"https:\/\/healthybreadbylukas.ie\/pl\/produkt\/trojsmak-z-budyniem-marmolada-i-serem\/","title":{"rendered":"Ciasto tr\u00f3jsmakowe z marmolad\u0105 budyniow\u0105 i serem"},"content":{"rendered":"<p>To tr\u00f3jsmakowe ciasto to zachwycaj\u0105ce po\u0142\u0105czenie bogatego, kremowego budyniu, pikantnej marmolady i g\u0142adkiego bia\u0142ego sera, a wszystko to otoczone ma\u015blanym, delikatnym ciastem. M\u0105ka pszenna tworzy lekkie i kruche ciasto, podczas gdy mleko, mas\u0142o i jajka nadaj\u0105 mu bogaty, z\u0142ocisty odcie\u0144 i rozp\u0142ywaj\u0105c\u0105 si\u0119 w ustach konsystencj\u0119. Ka\u017cdy k\u0119s oferuje idealn\u0105 r\u00f3wnowag\u0119 mi\u0119dzy s\u0142odycz\u0105 cukru i marmolady, kremow\u0105 konsystencj\u0105 budyniu i subtelnym posmakiem sera. Kontrastuj\u0105ce smaki \u0142\u0105cz\u0105 si\u0119, tworz\u0105c ciasto, kt\u00f3re jest zar\u00f3wno pob\u0142a\u017cliwe, jak i satysfakcjonuj\u0105ce, idealne na specjalny pocz\u0119stunek lub deser. Odrobina dro\u017cd\u017cy zapewnia lekkie i przewiewne wyrastanie, dzi\u0119ki czemu ciasto jest r\u00f3wnie przyjemne dla podniebienia, jak i dla oka.<\/p>","protected":false},"excerpt":{"rendered":"<p>Odkryj nasze ciasto z puddingiem, marmolad\u0105 i serem w naszej piekarni, \u0142\u0105cz\u0105ce bogate, s\u0142odkie i pikantne smaki - dostarczane w ca\u0142ej Irlandii.<\/p>\n<p>Sk\u0142adniki: mleko, mas\u0142o, cukier, dro\u017cd\u017ce, jajka, m\u0105ka pszenna, budy\u0144, ser bia\u0142y, marmolada<\/p>","protected":false},"featured_media":1552,"comment_status":"open","ping_status":"closed","template":"","meta":{"_acf_changed":false},"product_brand":[],"product_cat":[36],"product_tag":[],"class_list":{"0":"post-1259","1":"product","2":"type-product","3":"status-publish","4":"has-post-thumbnail","6":"product_cat-pastries","8":"first","9":"instock","10":"taxable","11":"shipping-taxable","12":"purchasable","13":"product-type-simple"},"acf":[],"_links":{"self":[{"href":"https:\/\/healthybreadbylukas.ie\/pl\/wp-json\/wp\/v2\/product\/1259","targetHints":{"allow":["GET"]}}],"collection":[{"href":"https:\/\/healthybreadbylukas.ie\/pl\/wp-json\/wp\/v2\/product"}],"about":[{"href":"https:\/\/healthybreadbylukas.ie\/pl\/wp-json\/wp\/v2\/types\/product"}],"replies":[{"embeddable":true,"href":"https:\/\/healthybreadbylukas.ie\/pl\/wp-json\/wp\/v2\/comments?post=1259"}],"wp:featuredmedia":[{"embeddable":true,"href":"https:\/\/healthybreadbylukas.ie\/pl\/wp-json\/wp\/v2\/media\/1552"}],"wp:attachment":[{"href":"https:\/\/healthybreadbylukas.ie\/pl\/wp-json\/wp\/v2\/media?parent=1259"}],"wp:term":[{"taxonomy":"product_brand","embeddable":true,"href":"https:\/\/healthybreadbylukas.ie\/pl\/wp-json\/wp\/v2\/product_brand?post=1259"},{"taxonomy":"product_cat","embeddable":true,"href":"https:\/\/healthybreadbylukas.ie\/pl\/wp-json\/wp\/v2\/product_cat?post=1259"},{"taxonomy":"product_tag","embeddable":true,"href":"https:\/\/healthybreadbylukas.ie\/pl\/wp-json\/wp\/v2\/product_tag?post=1259"}],"curies":[{"name":"wp","href":"https:\/\/api.w.org\/{rel}","templated":true}]}}