{"id":1260,"date":"2024-08-06T22:58:14","date_gmt":"2024-08-06T22:58:14","guid":{"rendered":"https:\/\/healthybreadbylukas.ie\/product\/pastry-with-pistachio\/"},"modified":"2025-04-06T20:19:09","modified_gmt":"2025-04-06T20:19:09","slug":"ciasto-z-pistacjami","status":"publish","type":"product","link":"https:\/\/healthybreadbylukas.ie\/pl\/produkt\/ciasto-z-pistacjami\/","title":{"rendered":"Ciasto z pistacjami"},"content":{"rendered":"<p>Ciasto z pistacjami to luksusowy przysmak o bogatym, ma\u015blanym smaku, kt\u00f3ry doskonale uzupe\u0142nia wyrazisty, orzechowy aromat pistacji. M\u0105ka pszenna w po\u0142\u0105czeniu z mlekiem, mas\u0142em i jajkami tworzy mi\u0119kkie i kruche ciasto, kt\u00f3re rozp\u0142ywa si\u0119 w ustach. Cukier dodaje odpowiedni\u0105 ilo\u015b\u0107 s\u0142odyczy, pozwalaj\u0105c naturalnemu smakowi pistacji b\u0142yszcze\u0107 przy ka\u017cdym k\u0119sie. Delikatna chrupko\u015b\u0107 pistacji dodaje tekstury i bogactwa, dzi\u0119ki czemu to ciasto jest zar\u00f3wno pob\u0142a\u017cliwe, jak i satysfakcjonuj\u0105ce. Odrobina dro\u017cd\u017cy zapewnia lekkie i przewiewne wyrastanie, dzi\u0119ki czemu ciasto to jest doskona\u0142ym wyborem na ka\u017cd\u0105 okazj\u0119.<\/p>","protected":false},"excerpt":{"rendered":"<p>Poznaj nasze wy\u015bmienite ciasto pistacjowe i zam\u00f3w online w najlepszej piekarni w Dublinie z dostaw\u0105 na terenie ca\u0142ego kraju - tak, naprawd\u0119 warto.<\/p>\n<p>Sk\u0142adniki: mleko, mas\u0142o, cukier, dro\u017cd\u017ce, jajka, m\u0105ka pszenna, pistacje<\/p>","protected":false},"featured_media":1228,"comment_status":"open","ping_status":"closed","template":"","meta":{"_acf_changed":false},"product_brand":[],"product_cat":[36],"product_tag":[],"class_list":{"0":"post-1260","1":"product","2":"type-product","3":"status-publish","4":"has-post-thumbnail","6":"product_cat-pastries","8":"first","9":"outofstock","10":"taxable","11":"shipping-taxable","12":"purchasable","13":"product-type-simple"},"acf":[],"_links":{"self":[{"href":"https:\/\/healthybreadbylukas.ie\/pl\/wp-json\/wp\/v2\/product\/1260","targetHints":{"allow":["GET"]}}],"collection":[{"href":"https:\/\/healthybreadbylukas.ie\/pl\/wp-json\/wp\/v2\/product"}],"about":[{"href":"https:\/\/healthybreadbylukas.ie\/pl\/wp-json\/wp\/v2\/types\/product"}],"replies":[{"embeddable":true,"href":"https:\/\/healthybreadbylukas.ie\/pl\/wp-json\/wp\/v2\/comments?post=1260"}],"wp:featuredmedia":[{"embeddable":true,"href":"https:\/\/healthybreadbylukas.ie\/pl\/wp-json\/wp\/v2\/media\/1228"}],"wp:attachment":[{"href":"https:\/\/healthybreadbylukas.ie\/pl\/wp-json\/wp\/v2\/media?parent=1260"}],"wp:term":[{"taxonomy":"product_brand","embeddable":true,"href":"https:\/\/healthybreadbylukas.ie\/pl\/wp-json\/wp\/v2\/product_brand?post=1260"},{"taxonomy":"product_cat","embeddable":true,"href":"https:\/\/healthybreadbylukas.ie\/pl\/wp-json\/wp\/v2\/product_cat?post=1260"},{"taxonomy":"product_tag","embeddable":true,"href":"https:\/\/healthybreadbylukas.ie\/pl\/wp-json\/wp\/v2\/product_tag?post=1260"}],"curies":[{"name":"wp","href":"https:\/\/api.w.org\/{rel}","templated":true}]}}