{"id":1261,"date":"2024-08-06T22:58:14","date_gmt":"2024-08-06T22:58:14","guid":{"rendered":"https:\/\/healthybreadbylukas.ie\/product\/pastry-with-apple-and-peach\/"},"modified":"2025-01-10T16:35:41","modified_gmt":"2025-01-10T16:35:41","slug":"ciasto-z-jablkiem-i-brzoskwinia","status":"publish","type":"product","link":"https:\/\/healthybreadbylukas.ie\/pl\/produkt\/ciasto-z-jablkiem-i-brzoskwinia\/","title":{"rendered":"Ciasto z jab\u0142kiem i brzoskwini\u0105"},"content":{"rendered":"<p>To ciasto z jab\u0142kami i brzoskwiniami oferuje zachwycaj\u0105ce po\u0142\u0105czenie s\u0142odkich i cierpkich smak\u00f3w, otulone ma\u015blan\u0105, kruch\u0105 sk\u00f3rk\u0105. Mi\u0119kkie ciasto, wykonane z m\u0105ki pszennej, mleka, mas\u0142a i jajek, zapewnia delikatny k\u0119s, kt\u00f3ry doskonale uzupe\u0142nia soczyste nadzienie jab\u0142kowe i brzoskwiniowe. Jab\u0142ka dodaj\u0105 chrupko\u015bci i cierpko\u015bci, a brzoskwinie subtelnej, aromatycznej s\u0142odyczy, tworz\u0105c zr\u00f3wnowa\u017cony i orze\u017awiaj\u0105cy smak. Cukier dodaje delikatnej s\u0142odyczy, kt\u00f3ra podkre\u015bla naturalne smaki owoc\u00f3w, sprawiaj\u0105c, \u017ce ka\u017cdy k\u0119s jest prawdziw\u0105 rozkosz\u0105. Odrobina dro\u017cd\u017cy zapewnia lekk\u0105 i przewiewn\u0105 konsystencj\u0119, dzi\u0119ki czemu to ciasto jest idealnym przysmakiem na ka\u017cd\u0105 por\u0119 dnia.<\/p>","protected":false},"excerpt":{"rendered":"<p>Zam\u00f3w nasze ciasto jab\u0142kowo-brzoskwiniowe z naszej piekarni, zawieraj\u0105ce ma\u015blan\u0105, kruch\u0105 sk\u00f3rk\u0119 ze s\u0142odkim nadzieniem jab\u0142kowo-brzoskwiniowym - dostarczane \u015bwie\u017co w ca\u0142ej Irlandii.<\/p>\n<p>Sk\u0142adniki: mleko, mas\u0142o, cukier, dro\u017cd\u017ce, jajka, m\u0105ka pszenna, jab\u0142ko, brzoskwinia<\/p>","protected":false},"featured_media":1227,"comment_status":"open","ping_status":"closed","template":"","meta":{"_acf_changed":false},"product_brand":[],"product_cat":[36],"product_tag":[],"class_list":{"0":"post-1261","1":"product","2":"type-product","3":"status-publish","4":"has-post-thumbnail","6":"product_cat-pastries","8":"first","9":"instock","10":"taxable","11":"shipping-taxable","12":"purchasable","13":"product-type-simple"},"acf":[],"_links":{"self":[{"href":"https:\/\/healthybreadbylukas.ie\/pl\/wp-json\/wp\/v2\/product\/1261","targetHints":{"allow":["GET"]}}],"collection":[{"href":"https:\/\/healthybreadbylukas.ie\/pl\/wp-json\/wp\/v2\/product"}],"about":[{"href":"https:\/\/healthybreadbylukas.ie\/pl\/wp-json\/wp\/v2\/types\/product"}],"replies":[{"embeddable":true,"href":"https:\/\/healthybreadbylukas.ie\/pl\/wp-json\/wp\/v2\/comments?post=1261"}],"wp:featuredmedia":[{"embeddable":true,"href":"https:\/\/healthybreadbylukas.ie\/pl\/wp-json\/wp\/v2\/media\/1227"}],"wp:attachment":[{"href":"https:\/\/healthybreadbylukas.ie\/pl\/wp-json\/wp\/v2\/media?parent=1261"}],"wp:term":[{"taxonomy":"product_brand","embeddable":true,"href":"https:\/\/healthybreadbylukas.ie\/pl\/wp-json\/wp\/v2\/product_brand?post=1261"},{"taxonomy":"product_cat","embeddable":true,"href":"https:\/\/healthybreadbylukas.ie\/pl\/wp-json\/wp\/v2\/product_cat?post=1261"},{"taxonomy":"product_tag","embeddable":true,"href":"https:\/\/healthybreadbylukas.ie\/pl\/wp-json\/wp\/v2\/product_tag?post=1261"}],"curies":[{"name":"wp","href":"https:\/\/api.w.org\/{rel}","templated":true}]}}