{"id":1262,"date":"2024-08-06T22:58:14","date_gmt":"2024-08-06T22:58:14","guid":{"rendered":"https:\/\/healthybreadbylukas.ie\/product\/pastry-with-strawberry\/"},"modified":"2025-04-06T20:18:57","modified_gmt":"2025-04-06T20:18:57","slug":"ciasto-z-truskawkami","status":"publish","type":"product","link":"https:\/\/healthybreadbylukas.ie\/pl\/produkt\/ciasto-z-truskawkami\/","title":{"rendered":"Ciasto z truskawkami"},"content":{"rendered":"<p>Ciasto z truskawkami to s\u0142odka i owocowa rozkosz, w kt\u00f3rej ma\u015blane, delikatne ciasto otacza soczyste nadzienie truskawkowe. Wykonane z m\u0105ki pszennej, mleka, mas\u0142a i jajek, ciasto jest mi\u0119kkie i kruche, stanowi\u0105c doskona\u0142y kontrast dla soczystych, \u017cywych truskawek. Naturalna s\u0142odycz truskawek jest wzmocniona odrobin\u0105 cukru, tworz\u0105c smak, kt\u00f3ry jest zar\u00f3wno orze\u017awiaj\u0105cy, jak i pob\u0142a\u017cliwy. Ka\u017cdy k\u0119s dostarcza owocowej \u015bwie\u017co\u015bci, zr\u00f3wnowa\u017conej bogactwem ciasta. Odrobina dro\u017cd\u017cy zapewnia lekk\u0105 i przewiewn\u0105 konsystencj\u0119, sprawiaj\u0105c, \u017ce temu ciastu nie mo\u017cna si\u0119 oprze\u0107.<\/p>","protected":false},"excerpt":{"rendered":"<p>Ciesz si\u0119 naszym ciastem truskawkowym z kruch\u0105, ma\u015blan\u0105 sk\u00f3rk\u0105 i soczystymi truskawkami - \u015bwie\u017co upieczonym w naszej piekarni w Dublinie i gotowym do zam\u00f3wienia online.<\/p>\n<p>Sk\u0142adniki: mleko, mas\u0142o, cukier, dro\u017cd\u017ce, jajka, m\u0105ka pszenna, truskawki<\/p>","protected":false},"featured_media":1551,"comment_status":"open","ping_status":"closed","template":"","meta":{"_acf_changed":false},"product_brand":[],"product_cat":[36],"product_tag":[],"class_list":{"0":"post-1262","1":"product","2":"type-product","3":"status-publish","4":"has-post-thumbnail","6":"product_cat-pastries","8":"first","9":"outofstock","10":"taxable","11":"shipping-taxable","12":"purchasable","13":"product-type-simple"},"acf":[],"_links":{"self":[{"href":"https:\/\/healthybreadbylukas.ie\/pl\/wp-json\/wp\/v2\/product\/1262","targetHints":{"allow":["GET"]}}],"collection":[{"href":"https:\/\/healthybreadbylukas.ie\/pl\/wp-json\/wp\/v2\/product"}],"about":[{"href":"https:\/\/healthybreadbylukas.ie\/pl\/wp-json\/wp\/v2\/types\/product"}],"replies":[{"embeddable":true,"href":"https:\/\/healthybreadbylukas.ie\/pl\/wp-json\/wp\/v2\/comments?post=1262"}],"wp:featuredmedia":[{"embeddable":true,"href":"https:\/\/healthybreadbylukas.ie\/pl\/wp-json\/wp\/v2\/media\/1551"}],"wp:attachment":[{"href":"https:\/\/healthybreadbylukas.ie\/pl\/wp-json\/wp\/v2\/media?parent=1262"}],"wp:term":[{"taxonomy":"product_brand","embeddable":true,"href":"https:\/\/healthybreadbylukas.ie\/pl\/wp-json\/wp\/v2\/product_brand?post=1262"},{"taxonomy":"product_cat","embeddable":true,"href":"https:\/\/healthybreadbylukas.ie\/pl\/wp-json\/wp\/v2\/product_cat?post=1262"},{"taxonomy":"product_tag","embeddable":true,"href":"https:\/\/healthybreadbylukas.ie\/pl\/wp-json\/wp\/v2\/product_tag?post=1262"}],"curies":[{"name":"wp","href":"https:\/\/api.w.org\/{rel}","templated":true}]}}