{"id":1267,"date":"2024-08-06T22:58:14","date_gmt":"2024-08-06T22:58:14","guid":{"rendered":"https:\/\/healthybreadbylukas.ie\/product\/pastry-with-coconut\/"},"modified":"2025-01-10T16:35:41","modified_gmt":"2025-01-10T16:35:41","slug":"ciasto-z-kokosem","status":"publish","type":"product","link":"https:\/\/healthybreadbylukas.ie\/pl\/produkt\/ciasto-z-kokosem\/","title":{"rendered":"Ciasto z kokosem"},"content":{"rendered":"<p>Ciasto z kokosem to tropikalny przysmak z bogatym, ma\u015blanym ciastem wype\u0142nionym s\u0142odkim, kremowym nadzieniem kokosowym. Ciasto, wykonane z m\u0105ki pszennej, mleka, mas\u0142a i jajek, jest mi\u0119kkie i kruche, co stanowi doskona\u0142y kontrast dla soczystego kokosa. Nadzienie kokosowe zapewnia bogaty smak z nut\u0105 s\u0142odyczy, kt\u00f3ra z ka\u017cdym k\u0119sem przenosi na s\u0142oneczn\u0105 pla\u017c\u0119. Odrobina cukru podkre\u015bla naturaln\u0105 s\u0142odycz kokosa, a dro\u017cd\u017ce zapewniaj\u0105 lekk\u0105 i przewiewn\u0105 konsystencj\u0119. Ciasto to jest idealn\u0105 przek\u0105sk\u0105 dla mi\u0142o\u015bnik\u00f3w kokosa poszukuj\u0105cych smaku tropik\u00f3w.<\/p>","protected":false},"excerpt":{"rendered":"<p>Teleportuj si\u0119 do egzotycznego raju dzi\u0119ki naszemu ciastu z nadzieniem kokosowym. Zam\u00f3w online w naszej piekarni w Dublinie z dostaw\u0105 na terenie ca\u0142ej Irlandii.<\/p>\n<p>Sk\u0142adniki: mleko, mas\u0142o, cukier, dro\u017cd\u017ce, jajka, m\u0105ka pszenna, nadzienie kokosowe<\/p>","protected":false},"featured_media":1221,"comment_status":"open","ping_status":"closed","template":"","meta":{"_acf_changed":false},"product_brand":[],"product_cat":[36],"product_tag":[],"class_list":{"0":"post-1267","1":"product","2":"type-product","3":"status-publish","4":"has-post-thumbnail","6":"product_cat-pastries","8":"first","9":"instock","10":"taxable","11":"shipping-taxable","12":"purchasable","13":"product-type-simple"},"acf":[],"_links":{"self":[{"href":"https:\/\/healthybreadbylukas.ie\/pl\/wp-json\/wp\/v2\/product\/1267","targetHints":{"allow":["GET"]}}],"collection":[{"href":"https:\/\/healthybreadbylukas.ie\/pl\/wp-json\/wp\/v2\/product"}],"about":[{"href":"https:\/\/healthybreadbylukas.ie\/pl\/wp-json\/wp\/v2\/types\/product"}],"replies":[{"embeddable":true,"href":"https:\/\/healthybreadbylukas.ie\/pl\/wp-json\/wp\/v2\/comments?post=1267"}],"wp:featuredmedia":[{"embeddable":true,"href":"https:\/\/healthybreadbylukas.ie\/pl\/wp-json\/wp\/v2\/media\/1221"}],"wp:attachment":[{"href":"https:\/\/healthybreadbylukas.ie\/pl\/wp-json\/wp\/v2\/media?parent=1267"}],"wp:term":[{"taxonomy":"product_brand","embeddable":true,"href":"https:\/\/healthybreadbylukas.ie\/pl\/wp-json\/wp\/v2\/product_brand?post=1267"},{"taxonomy":"product_cat","embeddable":true,"href":"https:\/\/healthybreadbylukas.ie\/pl\/wp-json\/wp\/v2\/product_cat?post=1267"},{"taxonomy":"product_tag","embeddable":true,"href":"https:\/\/healthybreadbylukas.ie\/pl\/wp-json\/wp\/v2\/product_tag?post=1267"}],"curies":[{"name":"wp","href":"https:\/\/api.w.org\/{rel}","templated":true}]}}