{"id":1270,"date":"2024-08-06T22:58:14","date_gmt":"2024-08-06T22:58:14","guid":{"rendered":"https:\/\/healthybreadbylukas.ie\/product\/pastry-with-blackcurrant\/"},"modified":"2025-01-10T16:35:41","modified_gmt":"2025-01-10T16:35:41","slug":"ciasto-z-czarna-porzeczka","status":"publish","type":"product","link":"https:\/\/healthybreadbylukas.ie\/pl\/produkt\/ciasto-z-czarna-porzeczka\/","title":{"rendered":"Ciasto z czarn\u0105 porzeczk\u0105"},"content":{"rendered":"<p>Ciasto z czarn\u0105 porzeczk\u0105 to zachwycaj\u0105ce po\u0142\u0105czenie bogatego, ma\u015blanego ciasta i wyrazistego, pikantnego smaku czarnej porzeczki. Ciasto, wykonane z m\u0105ki pszennej, mleka, mas\u0142a i jajek, jest delikatne i kruche, zapewniaj\u0105c idealne t\u0142o dla \u017cywego nadzienia z czarnej porzeczki. Naturalna cierpko\u015b\u0107 czarnych porzeczek jest zr\u00f3wnowa\u017cona odrobin\u0105 cukru, tworz\u0105c z\u0142o\u017cony i orze\u017awiaj\u0105cy smak w ka\u017cdym k\u0119sie. Dro\u017cd\u017ce zapewniaj\u0105 lekk\u0105, przewiewn\u0105 konsystencj\u0119, czyni\u0105c to ciasto wyj\u0105tkowym przysmakiem. Idealne dla tych, kt\u00f3rzy lubi\u0105 owocowe wypieki z odrobin\u0105 pikanterii.<\/p>","protected":false},"excerpt":{"rendered":"<p>Zam\u00f3w online w naszej piekarni w Dublinie ciasto wype\u0142nione czarn\u0105 porzeczk\u0105 i ciesz si\u0119 owocow\u0105 s\u0142odycz\u0105 z dostaw\u0105 na terenie ca\u0142ego kraju.<\/p>\n<p>Sk\u0142adniki: mleko, mas\u0142o, cukier, dro\u017cd\u017ce, jajka, m\u0105ka pszenna, czarna porzeczka<\/p>","protected":false},"featured_media":1556,"comment_status":"open","ping_status":"closed","template":"","meta":{"_acf_changed":false},"product_brand":[],"product_cat":[36],"product_tag":[],"class_list":{"0":"post-1270","1":"product","2":"type-product","3":"status-publish","4":"has-post-thumbnail","6":"product_cat-pastries","8":"first","9":"instock","10":"taxable","11":"shipping-taxable","12":"purchasable","13":"product-type-simple"},"acf":[],"_links":{"self":[{"href":"https:\/\/healthybreadbylukas.ie\/pl\/wp-json\/wp\/v2\/product\/1270","targetHints":{"allow":["GET"]}}],"collection":[{"href":"https:\/\/healthybreadbylukas.ie\/pl\/wp-json\/wp\/v2\/product"}],"about":[{"href":"https:\/\/healthybreadbylukas.ie\/pl\/wp-json\/wp\/v2\/types\/product"}],"replies":[{"embeddable":true,"href":"https:\/\/healthybreadbylukas.ie\/pl\/wp-json\/wp\/v2\/comments?post=1270"}],"wp:featuredmedia":[{"embeddable":true,"href":"https:\/\/healthybreadbylukas.ie\/pl\/wp-json\/wp\/v2\/media\/1556"}],"wp:attachment":[{"href":"https:\/\/healthybreadbylukas.ie\/pl\/wp-json\/wp\/v2\/media?parent=1270"}],"wp:term":[{"taxonomy":"product_brand","embeddable":true,"href":"https:\/\/healthybreadbylukas.ie\/pl\/wp-json\/wp\/v2\/product_brand?post=1270"},{"taxonomy":"product_cat","embeddable":true,"href":"https:\/\/healthybreadbylukas.ie\/pl\/wp-json\/wp\/v2\/product_cat?post=1270"},{"taxonomy":"product_tag","embeddable":true,"href":"https:\/\/healthybreadbylukas.ie\/pl\/wp-json\/wp\/v2\/product_tag?post=1270"}],"curies":[{"name":"wp","href":"https:\/\/api.w.org\/{rel}","templated":true}]}}