{"id":1271,"date":"2024-08-06T22:58:14","date_gmt":"2024-08-06T22:58:14","guid":{"rendered":"https:\/\/healthybreadbylukas.ie\/product\/pastry-with-apple-and-cinnamon\/"},"modified":"2025-04-06T20:41:45","modified_gmt":"2025-04-06T20:41:45","slug":"ciasto-z-jablkiem-i-cynamonem","status":"publish","type":"product","link":"https:\/\/healthybreadbylukas.ie\/pl\/produkt\/ciasto-z-jablkiem-i-cynamonem\/","title":{"rendered":"Ciasto z jab\u0142kiem i cynamonem"},"content":{"rendered":"<p>Ciasto z jab\u0142kami i cynamonem to pocieszaj\u0105cy klasyk, \u0142\u0105cz\u0105cy ciep\u0142y, korzenny smak cynamonu ze s\u0142odkim, soczystym smakiem jab\u0142ek. Ma\u015blane ciasto, wykonane z m\u0105ki pszennej, mleka, mas\u0142a i jajek, jest mi\u0119kkie i kruche, stanowi\u0105c idealn\u0105 baz\u0119 dla nadzienia jab\u0142kowego doprawionego cynamonem. Jab\u0142ka dodaj\u0105 delikatnej, owocowej s\u0142odyczy, a cynamon nadaje przytulnego, aromatycznego ciep\u0142a, kt\u00f3re podnosi ka\u017cdy k\u0119s. Odrobina cukru wzmacnia naturalne smaki, czyni\u0105c to ciasto idealnym wyborem na pocieszaj\u0105c\u0105 przek\u0105sk\u0119. Dro\u017cd\u017ce zapewniaj\u0105 lekk\u0105, puszyst\u0105 konsystencj\u0119, dzi\u0119ki czemu jest to pyszna przek\u0105ska o ka\u017cdej porze dnia.<\/p>","protected":false},"excerpt":{"rendered":"<p>Zam\u00f3w online w naszej piekarni w Dublinie ciasto z jab\u0142kiem i cynamonem - poczuj ciep\u0142y, jesienny klimat z dostaw\u0105 na terenie ca\u0142ego kraju.<\/p>\n<p>Sk\u0142adniki: mleko, mas\u0142o, cukier, dro\u017cd\u017ce, jajka, m\u0105ka pszenna, jab\u0142ko, cynamon<\/p>","protected":false},"featured_media":1891,"comment_status":"open","ping_status":"closed","template":"","meta":{"_acf_changed":false},"product_brand":[],"product_cat":[36],"product_tag":[],"class_list":{"0":"post-1271","1":"product","2":"type-product","3":"status-publish","4":"has-post-thumbnail","6":"product_cat-pastries","8":"first","9":"instock","10":"taxable","11":"shipping-taxable","12":"purchasable","13":"product-type-simple"},"acf":[],"_links":{"self":[{"href":"https:\/\/healthybreadbylukas.ie\/pl\/wp-json\/wp\/v2\/product\/1271","targetHints":{"allow":["GET"]}}],"collection":[{"href":"https:\/\/healthybreadbylukas.ie\/pl\/wp-json\/wp\/v2\/product"}],"about":[{"href":"https:\/\/healthybreadbylukas.ie\/pl\/wp-json\/wp\/v2\/types\/product"}],"replies":[{"embeddable":true,"href":"https:\/\/healthybreadbylukas.ie\/pl\/wp-json\/wp\/v2\/comments?post=1271"}],"wp:featuredmedia":[{"embeddable":true,"href":"https:\/\/healthybreadbylukas.ie\/pl\/wp-json\/wp\/v2\/media\/1891"}],"wp:attachment":[{"href":"https:\/\/healthybreadbylukas.ie\/pl\/wp-json\/wp\/v2\/media?parent=1271"}],"wp:term":[{"taxonomy":"product_brand","embeddable":true,"href":"https:\/\/healthybreadbylukas.ie\/pl\/wp-json\/wp\/v2\/product_brand?post=1271"},{"taxonomy":"product_cat","embeddable":true,"href":"https:\/\/healthybreadbylukas.ie\/pl\/wp-json\/wp\/v2\/product_cat?post=1271"},{"taxonomy":"product_tag","embeddable":true,"href":"https:\/\/healthybreadbylukas.ie\/pl\/wp-json\/wp\/v2\/product_tag?post=1271"}],"curies":[{"name":"wp","href":"https:\/\/api.w.org\/{rel}","templated":true}]}}