{"id":1273,"date":"2024-08-06T22:58:14","date_gmt":"2024-08-06T22:58:14","guid":{"rendered":"https:\/\/healthybreadbylukas.ie\/product\/challah\/"},"modified":"2025-01-10T16:35:41","modified_gmt":"2025-01-10T16:35:41","slug":"chalka","status":"publish","type":"product","link":"https:\/\/healthybreadbylukas.ie\/pl\/produkt\/chalka\/","title":{"rendered":"Cha\u0142ka"},"content":{"rendered":"<p>Nasza cha\u0142ka to pi\u0119knie pleciony bochenek, bogaty w smak i tradycj\u0119. Wykonany z m\u0105ki pszennej, mleka, mas\u0142a, jajek i odrobiny cukru, chleb ten oferuje mi\u0119kki, lekko s\u0142odki mi\u0119kisz, kt\u00f3ry rozp\u0142ywa si\u0119 w ustach. Z\u0142ocista sk\u00f3rka jest delikatna, zapewniaj\u0105c doskona\u0142y kontrast z lekkim, puszystym wn\u0119trzem. Dro\u017cd\u017ce zapewniaj\u0105 delikatne wyrastanie, nadaj\u0105c chlebowi charakterystyczn\u0105 przewiewn\u0105 tekstur\u0119, dzi\u0119ki czemu idealnie nadaje si\u0119 zar\u00f3wno do pikantnych potraw, jak i s\u0142odkich past. Ta cha\u0142ka jest idealna do dzielenia si\u0119 z rodzin\u0105 lub na specjalne okazje.<\/p>","protected":false},"excerpt":{"rendered":"<p>Poznaj nasz\u0105 cha\u0142k\u0119 - mistrzowsko wypiekan\u0105 tradycyjnymi metodami i z naturalnych sk\u0142adnik\u00f3w, zapewniaj\u0105c\u0105 kawa\u0142ek czystej, z\u0142ocistej rozkoszy - zam\u00f3w online.<\/p>\n<p>Sk\u0142adniki: mleko, mas\u0142o, cukier, dro\u017cd\u017ce, jajka, m\u0105ka pszenna<\/p>","protected":false},"featured_media":1215,"comment_status":"open","ping_status":"closed","template":"","meta":{"_acf_changed":false},"product_brand":[],"product_cat":[36],"product_tag":[],"class_list":{"0":"post-1273","1":"product","2":"type-product","3":"status-publish","4":"has-post-thumbnail","6":"product_cat-pastries","8":"first","9":"instock","10":"taxable","11":"shipping-taxable","12":"purchasable","13":"product-type-simple"},"acf":[],"_links":{"self":[{"href":"https:\/\/healthybreadbylukas.ie\/pl\/wp-json\/wp\/v2\/product\/1273","targetHints":{"allow":["GET"]}}],"collection":[{"href":"https:\/\/healthybreadbylukas.ie\/pl\/wp-json\/wp\/v2\/product"}],"about":[{"href":"https:\/\/healthybreadbylukas.ie\/pl\/wp-json\/wp\/v2\/types\/product"}],"replies":[{"embeddable":true,"href":"https:\/\/healthybreadbylukas.ie\/pl\/wp-json\/wp\/v2\/comments?post=1273"}],"wp:featuredmedia":[{"embeddable":true,"href":"https:\/\/healthybreadbylukas.ie\/pl\/wp-json\/wp\/v2\/media\/1215"}],"wp:attachment":[{"href":"https:\/\/healthybreadbylukas.ie\/pl\/wp-json\/wp\/v2\/media?parent=1273"}],"wp:term":[{"taxonomy":"product_brand","embeddable":true,"href":"https:\/\/healthybreadbylukas.ie\/pl\/wp-json\/wp\/v2\/product_brand?post=1273"},{"taxonomy":"product_cat","embeddable":true,"href":"https:\/\/healthybreadbylukas.ie\/pl\/wp-json\/wp\/v2\/product_cat?post=1273"},{"taxonomy":"product_tag","embeddable":true,"href":"https:\/\/healthybreadbylukas.ie\/pl\/wp-json\/wp\/v2\/product_tag?post=1273"}],"curies":[{"name":"wp","href":"https:\/\/api.w.org\/{rel}","templated":true}]}}