{"id":1274,"date":"2024-08-06T22:58:15","date_gmt":"2024-08-06T22:58:15","guid":{"rendered":"https:\/\/healthybreadbylukas.ie\/product\/butter-croissant\/"},"modified":"2025-01-10T16:35:41","modified_gmt":"2025-01-10T16:35:41","slug":"rogalik-maslany","status":"publish","type":"product","link":"https:\/\/healthybreadbylukas.ie\/pl\/produkt\/rogalik-maslany\/","title":{"rendered":"Rogalik ma\u015blany"},"content":{"rendered":"<p>Croissant ma\u015blany to klasyczne francuskie ciasto, znane z lekkich, kruchych warstw i bogatego ma\u015blanego smaku. Wykonany z m\u0105ki pszennej, mleka, mas\u0142a i jajek, croissant oferuje delikatn\u0105 chrupko\u015b\u0107 na zewn\u0105trz i mi\u0119kkie, przewiewne wn\u0119trze. Dodatek maku nadaje subtelny orzechowy smak i przyjemn\u0105 chrupko\u015b\u0107, wzmacniaj\u0105c og\u00f3lne doznania smakowe. Dro\u017cd\u017ce zawarte w cie\u015bcie pozwalaj\u0105 rogalikom pi\u0119knie wyrosn\u0105\u0107, tworz\u0105c idealne, \u0142uszcz\u0105ce si\u0119 warstwy, kt\u00f3re sprawiaj\u0105, \u017ce ka\u017cdy k\u0119s jest rozkosz\u0105. Idealne na \u015bniadanie lub przek\u0105sk\u0119 o ka\u017cdej porze dnia.<\/p>","protected":false},"excerpt":{"rendered":"<p>Zam\u00f3w online naszego naturalnego rogalika ma\u015blanego w stylu francuskim 100% i przenie\u015b si\u0119 do Pary\u017ca tutaj, w Irlandii, poniewa\u017c w\u0142a\u015bnie to robi.<\/p>\n<p>Sk\u0142adniki: mleko, mas\u0142o, cukier, dro\u017cd\u017ce, jajka, m\u0105ka pszenna, mak<\/p>","protected":false},"featured_media":1214,"comment_status":"open","ping_status":"closed","template":"","meta":{"_acf_changed":false},"product_brand":[],"product_cat":[36],"product_tag":[],"class_list":{"0":"post-1274","1":"product","2":"type-product","3":"status-publish","4":"has-post-thumbnail","6":"product_cat-pastries","8":"first","9":"instock","10":"taxable","11":"shipping-taxable","12":"purchasable","13":"product-type-simple"},"acf":[],"_links":{"self":[{"href":"https:\/\/healthybreadbylukas.ie\/pl\/wp-json\/wp\/v2\/product\/1274","targetHints":{"allow":["GET"]}}],"collection":[{"href":"https:\/\/healthybreadbylukas.ie\/pl\/wp-json\/wp\/v2\/product"}],"about":[{"href":"https:\/\/healthybreadbylukas.ie\/pl\/wp-json\/wp\/v2\/types\/product"}],"replies":[{"embeddable":true,"href":"https:\/\/healthybreadbylukas.ie\/pl\/wp-json\/wp\/v2\/comments?post=1274"}],"wp:featuredmedia":[{"embeddable":true,"href":"https:\/\/healthybreadbylukas.ie\/pl\/wp-json\/wp\/v2\/media\/1214"}],"wp:attachment":[{"href":"https:\/\/healthybreadbylukas.ie\/pl\/wp-json\/wp\/v2\/media?parent=1274"}],"wp:term":[{"taxonomy":"product_brand","embeddable":true,"href":"https:\/\/healthybreadbylukas.ie\/pl\/wp-json\/wp\/v2\/product_brand?post=1274"},{"taxonomy":"product_cat","embeddable":true,"href":"https:\/\/healthybreadbylukas.ie\/pl\/wp-json\/wp\/v2\/product_cat?post=1274"},{"taxonomy":"product_tag","embeddable":true,"href":"https:\/\/healthybreadbylukas.ie\/pl\/wp-json\/wp\/v2\/product_tag?post=1274"}],"curies":[{"name":"wp","href":"https:\/\/api.w.org\/{rel}","templated":true}]}}