{"id":1275,"date":"2024-08-06T22:58:15","date_gmt":"2024-08-06T22:58:15","guid":{"rendered":"https:\/\/healthybreadbylukas.ie\/product\/donut-with-strawberry\/"},"modified":"2025-01-10T16:35:41","modified_gmt":"2025-01-10T16:35:41","slug":"paczek-z-truskawka","status":"publish","type":"product","link":"https:\/\/healthybreadbylukas.ie\/pl\/produkt\/paczek-z-truskawka\/","title":{"rendered":"P\u0105czek z truskawk\u0105"},"content":{"rendered":"<p>Ten p\u0105czek z truskawkami to s\u0142odka przyjemno\u015b\u0107, z mi\u0119kkim, puszystym ciastem wype\u0142nionym soczystym nadzieniem truskawkowym. Wykonany z m\u0105ki pszennej, mleka, mas\u0142a i jajek, p\u0105czek jest lekki i delikatny, z nut\u0105 s\u0142odyczy z cukru. Nadzienie truskawkowe dodaje owocowej \u015bwie\u017co\u015bci, doskonale uzupe\u0142niaj\u0105c bogate, ma\u015blane ciasto. Dro\u017cd\u017ce sprawiaj\u0105, \u017ce p\u0105czek ma mi\u0119kk\u0105, przewiewn\u0105 konsystencj\u0119, dzi\u0119ki czemu ka\u017cdy k\u0119s rozp\u0142ywa si\u0119 w ustach. Ten p\u0105czek to wspania\u0142y przysmak na ka\u017cd\u0105 okazj\u0119, kt\u00f3ry z pewno\u015bci\u0105 zaspokoi apetyt na s\u0142odycze.<\/p>","protected":false},"excerpt":{"rendered":"<p>Lato czy nie, ciesz si\u0119 naszym \u015bwie\u017co upieczonym p\u0105czkiem truskawkowym w Irlandii i poczuj naturalnie s\u0142odki, organiczny przyp\u0142yw letniego smaku.<\/p>\n<p>Sk\u0142adniki: mleko, mas\u0142o, cukier, dro\u017cd\u017ce, jajka, m\u0105ka pszenna, nadzienie truskawkowe<\/p>","protected":false},"featured_media":1236,"comment_status":"open","ping_status":"closed","template":"","meta":{"_acf_changed":false},"product_brand":[],"product_cat":[37],"product_tag":[],"class_list":{"0":"post-1275","1":"product","2":"type-product","3":"status-publish","4":"has-post-thumbnail","6":"product_cat-donuts","8":"first","9":"instock","10":"taxable","11":"shipping-taxable","12":"purchasable","13":"product-type-simple"},"acf":[],"_links":{"self":[{"href":"https:\/\/healthybreadbylukas.ie\/pl\/wp-json\/wp\/v2\/product\/1275","targetHints":{"allow":["GET"]}}],"collection":[{"href":"https:\/\/healthybreadbylukas.ie\/pl\/wp-json\/wp\/v2\/product"}],"about":[{"href":"https:\/\/healthybreadbylukas.ie\/pl\/wp-json\/wp\/v2\/types\/product"}],"replies":[{"embeddable":true,"href":"https:\/\/healthybreadbylukas.ie\/pl\/wp-json\/wp\/v2\/comments?post=1275"}],"wp:featuredmedia":[{"embeddable":true,"href":"https:\/\/healthybreadbylukas.ie\/pl\/wp-json\/wp\/v2\/media\/1236"}],"wp:attachment":[{"href":"https:\/\/healthybreadbylukas.ie\/pl\/wp-json\/wp\/v2\/media?parent=1275"}],"wp:term":[{"taxonomy":"product_brand","embeddable":true,"href":"https:\/\/healthybreadbylukas.ie\/pl\/wp-json\/wp\/v2\/product_brand?post=1275"},{"taxonomy":"product_cat","embeddable":true,"href":"https:\/\/healthybreadbylukas.ie\/pl\/wp-json\/wp\/v2\/product_cat?post=1275"},{"taxonomy":"product_tag","embeddable":true,"href":"https:\/\/healthybreadbylukas.ie\/pl\/wp-json\/wp\/v2\/product_tag?post=1275"}],"curies":[{"name":"wp","href":"https:\/\/api.w.org\/{rel}","templated":true}]}}