{"id":1276,"date":"2024-08-06T22:58:15","date_gmt":"2024-08-06T22:58:15","guid":{"rendered":"https:\/\/healthybreadbylukas.ie\/product\/donut-with-rose-filling\/"},"modified":"2025-01-10T16:35:41","modified_gmt":"2025-01-10T16:35:41","slug":"paczek-z-nadzieniem-rozanym","status":"publish","type":"product","link":"https:\/\/healthybreadbylukas.ie\/pl\/produkt\/paczek-z-nadzieniem-rozanym\/","title":{"rendered":"P\u0105czek z nadzieniem r\u00f3\u017canym"},"content":{"rendered":"<p>P\u0105czek z nadzieniem r\u00f3\u017canym to delikatny i aromatyczny przysmak, w kt\u00f3rym mi\u0119kkie, puszyste ciasto otacza s\u0142odkie i pachn\u0105ce nadzienie r\u00f3\u017cane. Wykonany z m\u0105ki pszennej, mleka, mas\u0142a i jajek, p\u0105czek jest lekki i delikatny, z subteln\u0105 s\u0142odycz\u0105, kt\u00f3ra doskonale uzupe\u0142nia kwiatowe nuty r\u00f3\u017cy. Dro\u017cd\u017ce zapewniaj\u0105 mi\u0119kk\u0105, przewiewn\u0105 konsystencj\u0119, dzi\u0119ki czemu ka\u017cdy k\u0119s rozp\u0142ywa si\u0119 w ustach. Nadzienie r\u00f3\u017cane dodaje wyj\u0105tkowego i luksusowego smaku, dzi\u0119ki czemu ten p\u0105czek jest eleganckim wyborem dla tych, kt\u00f3rzy lubi\u0105 co\u015b wyj\u0105tkowego i wyrafinowanego.<\/p>","protected":false},"excerpt":{"rendered":"<p>Rozkoszuj si\u0119 naszym p\u0105czkiem z nadzieniem r\u00f3\u017canym, delikatn\u0105 kreacj\u0105 nasycon\u0105 s\u0142odk\u0105, kwiatow\u0105 esencj\u0105 r\u00f3\u017c, \u015bwie\u017co przygotowan\u0105 w naszej piekarni w Dublinie.<\/p>\n<p>Sk\u0142adniki: mleko, mas\u0142o, cukier, dro\u017cd\u017ce, jajka, m\u0105ka pszenna, nadzienie r\u00f3\u017cane<\/p>","protected":false},"featured_media":1235,"comment_status":"open","ping_status":"closed","template":"","meta":{"_acf_changed":false},"product_brand":[],"product_cat":[37],"product_tag":[],"class_list":{"0":"post-1276","1":"product","2":"type-product","3":"status-publish","4":"has-post-thumbnail","6":"product_cat-donuts","8":"first","9":"instock","10":"taxable","11":"shipping-taxable","12":"purchasable","13":"product-type-simple"},"acf":[],"_links":{"self":[{"href":"https:\/\/healthybreadbylukas.ie\/pl\/wp-json\/wp\/v2\/product\/1276","targetHints":{"allow":["GET"]}}],"collection":[{"href":"https:\/\/healthybreadbylukas.ie\/pl\/wp-json\/wp\/v2\/product"}],"about":[{"href":"https:\/\/healthybreadbylukas.ie\/pl\/wp-json\/wp\/v2\/types\/product"}],"replies":[{"embeddable":true,"href":"https:\/\/healthybreadbylukas.ie\/pl\/wp-json\/wp\/v2\/comments?post=1276"}],"wp:featuredmedia":[{"embeddable":true,"href":"https:\/\/healthybreadbylukas.ie\/pl\/wp-json\/wp\/v2\/media\/1235"}],"wp:attachment":[{"href":"https:\/\/healthybreadbylukas.ie\/pl\/wp-json\/wp\/v2\/media?parent=1276"}],"wp:term":[{"taxonomy":"product_brand","embeddable":true,"href":"https:\/\/healthybreadbylukas.ie\/pl\/wp-json\/wp\/v2\/product_brand?post=1276"},{"taxonomy":"product_cat","embeddable":true,"href":"https:\/\/healthybreadbylukas.ie\/pl\/wp-json\/wp\/v2\/product_cat?post=1276"},{"taxonomy":"product_tag","embeddable":true,"href":"https:\/\/healthybreadbylukas.ie\/pl\/wp-json\/wp\/v2\/product_tag?post=1276"}],"curies":[{"name":"wp","href":"https:\/\/api.w.org\/{rel}","templated":true}]}}