{"id":1277,"date":"2024-08-06T22:58:15","date_gmt":"2024-08-06T22:58:15","guid":{"rendered":"https:\/\/healthybreadbylukas.ie\/product\/donut-with-pudding-and-blackcurrant\/"},"modified":"2025-04-06T21:31:30","modified_gmt":"2025-04-06T21:31:30","slug":"paczek-z-budyniem-i-czarna-porzeczka","status":"publish","type":"product","link":"https:\/\/healthybreadbylukas.ie\/pl\/produkt\/paczek-z-budyniem-i-czarna-porzeczka\/","title":{"rendered":"P\u0105czek z budyniem i czarn\u0105 porzeczk\u0105"},"content":{"rendered":"<p>Ten p\u0105czek z budyniem i czarn\u0105 porzeczk\u0105 oferuje zachwycaj\u0105ce po\u0142\u0105czenie kremowych i pikantnych smak\u00f3w. Mi\u0119kkie ciasto z m\u0105ki pszennej, mleka, mas\u0142a i jajek wype\u0142nione jest bogatym, aksamitnym budyniem i cierpk\u0105 czarn\u0105 porzeczk\u0105. Budy\u0144 nadaje g\u0142adk\u0105, kremow\u0105 konsystencj\u0119, podczas gdy czarna porzeczka wprowadza \u017cywy, owocowy kontrast, kt\u00f3ry podnosi ka\u017cdy k\u0119s. Dro\u017cd\u017ce sprawiaj\u0105, \u017ce p\u0105czek ma lekk\u0105, przewiewn\u0105 struktur\u0119, co czyni go idealnym przysmakiem dla tych, kt\u00f3rzy kochaj\u0105 mieszank\u0119 s\u0142odkich i pikantnych smak\u00f3w.<\/p>","protected":false},"excerpt":{"rendered":"<p>Ciesz si\u0119 naszym naturalnie przygotowanym p\u0105czkiem z bogatym nadzieniem z budyniu i czarnej porzeczki, oferuj\u0105cym g\u0119st\u0105, naturaln\u0105 s\u0142odycz i niezapomniane wra\u017cenia.<\/p>\n<p>Sk\u0142adniki: mleko, mas\u0142o, cukier, dro\u017cd\u017ce, jajka, m\u0105ka pszenna, budy\u0144, czarna porzeczka<\/p>","protected":false},"featured_media":1234,"comment_status":"open","ping_status":"closed","template":"","meta":{"_acf_changed":false},"product_brand":[],"product_cat":[37],"product_tag":[],"class_list":{"0":"post-1277","1":"product","2":"type-product","3":"status-publish","4":"has-post-thumbnail","6":"product_cat-donuts","8":"first","9":"instock","10":"taxable","11":"shipping-taxable","12":"purchasable","13":"product-type-simple"},"acf":[],"_links":{"self":[{"href":"https:\/\/healthybreadbylukas.ie\/pl\/wp-json\/wp\/v2\/product\/1277","targetHints":{"allow":["GET"]}}],"collection":[{"href":"https:\/\/healthybreadbylukas.ie\/pl\/wp-json\/wp\/v2\/product"}],"about":[{"href":"https:\/\/healthybreadbylukas.ie\/pl\/wp-json\/wp\/v2\/types\/product"}],"replies":[{"embeddable":true,"href":"https:\/\/healthybreadbylukas.ie\/pl\/wp-json\/wp\/v2\/comments?post=1277"}],"wp:featuredmedia":[{"embeddable":true,"href":"https:\/\/healthybreadbylukas.ie\/pl\/wp-json\/wp\/v2\/media\/1234"}],"wp:attachment":[{"href":"https:\/\/healthybreadbylukas.ie\/pl\/wp-json\/wp\/v2\/media?parent=1277"}],"wp:term":[{"taxonomy":"product_brand","embeddable":true,"href":"https:\/\/healthybreadbylukas.ie\/pl\/wp-json\/wp\/v2\/product_brand?post=1277"},{"taxonomy":"product_cat","embeddable":true,"href":"https:\/\/healthybreadbylukas.ie\/pl\/wp-json\/wp\/v2\/product_cat?post=1277"},{"taxonomy":"product_tag","embeddable":true,"href":"https:\/\/healthybreadbylukas.ie\/pl\/wp-json\/wp\/v2\/product_tag?post=1277"}],"curies":[{"name":"wp","href":"https:\/\/api.w.org\/{rel}","templated":true}]}}