{"id":1280,"date":"2024-08-06T22:58:15","date_gmt":"2024-08-06T22:58:15","guid":{"rendered":"https:\/\/healthybreadbylukas.ie\/product\/donut-with-apple-and-cinnamon\/"},"modified":"2025-04-06T21:30:07","modified_gmt":"2025-04-06T21:30:07","slug":"paczek-z-jablkiem-i-cynamonem","status":"publish","type":"product","link":"https:\/\/healthybreadbylukas.ie\/pl\/produkt\/paczek-z-jablkiem-i-cynamonem\/","title":{"rendered":"P\u0105czek z jab\u0142kiem i cynamonem"},"content":{"rendered":"<p>Ten p\u0105czek z jab\u0142kiem i cynamonem to ciep\u0142y i pocieszaj\u0105cy przysmak, \u0142\u0105cz\u0105cy s\u0142odki i cierpki smak jab\u0142ka z aromatycznym ciep\u0142em cynamonu. Mi\u0119kkie, puszyste ciasto, wykonane z m\u0105ki pszennej, mleka, mas\u0142a i jajek, wype\u0142nione jest przyprawionym nadzieniem jab\u0142kowym, kt\u00f3re przywo\u0142uje przytulne smaki jesieni. Cynamon dodaje aromatyczn\u0105, korzenn\u0105 nut\u0119, kt\u00f3ra podkre\u015bla naturaln\u0105 s\u0142odycz jab\u0142ka. Dro\u017cd\u017ce sprawiaj\u0105, \u017ce p\u0105czek jest lekki i przewiewny, dzi\u0119ki czemu ka\u017cdy k\u0119s stanowi idealn\u0105 r\u00f3wnowag\u0119 tekstury i smaku. Ten p\u0105czek jest idealny do delektowania si\u0119 gor\u0105cym napojem w ch\u0142odny dzie\u0144.<\/p>","protected":false},"excerpt":{"rendered":"<p>Ciesz si\u0119 smakiem naszego jab\u0142kowo-cynamonowego p\u0105czka, wypiekanego w naszej dubli\u0144skiej piekarni przy u\u017cyciu wy\u0142\u0105cznie naturalnych sk\u0142adnik\u00f3w i s\u0142odzonego naturalnym cukrem.<\/p>\n<p>Sk\u0142adniki: mleko, mas\u0142o, cukier, dro\u017cd\u017ce, jajka, m\u0105ka pszenna, jab\u0142ko, cynamon<\/p>","protected":false},"featured_media":1908,"comment_status":"open","ping_status":"closed","template":"","meta":{"_acf_changed":false},"product_brand":[],"product_cat":[37],"product_tag":[],"class_list":{"0":"post-1280","1":"product","2":"type-product","3":"status-publish","4":"has-post-thumbnail","6":"product_cat-donuts","8":"first","9":"instock","10":"taxable","11":"shipping-taxable","12":"purchasable","13":"product-type-simple"},"acf":[],"_links":{"self":[{"href":"https:\/\/healthybreadbylukas.ie\/pl\/wp-json\/wp\/v2\/product\/1280","targetHints":{"allow":["GET"]}}],"collection":[{"href":"https:\/\/healthybreadbylukas.ie\/pl\/wp-json\/wp\/v2\/product"}],"about":[{"href":"https:\/\/healthybreadbylukas.ie\/pl\/wp-json\/wp\/v2\/types\/product"}],"replies":[{"embeddable":true,"href":"https:\/\/healthybreadbylukas.ie\/pl\/wp-json\/wp\/v2\/comments?post=1280"}],"wp:featuredmedia":[{"embeddable":true,"href":"https:\/\/healthybreadbylukas.ie\/pl\/wp-json\/wp\/v2\/media\/1908"}],"wp:attachment":[{"href":"https:\/\/healthybreadbylukas.ie\/pl\/wp-json\/wp\/v2\/media?parent=1280"}],"wp:term":[{"taxonomy":"product_brand","embeddable":true,"href":"https:\/\/healthybreadbylukas.ie\/pl\/wp-json\/wp\/v2\/product_brand?post=1280"},{"taxonomy":"product_cat","embeddable":true,"href":"https:\/\/healthybreadbylukas.ie\/pl\/wp-json\/wp\/v2\/product_cat?post=1280"},{"taxonomy":"product_tag","embeddable":true,"href":"https:\/\/healthybreadbylukas.ie\/pl\/wp-json\/wp\/v2\/product_tag?post=1280"}],"curies":[{"name":"wp","href":"https:\/\/api.w.org\/{rel}","templated":true}]}}