{"id":1283,"date":"2024-08-06T22:58:15","date_gmt":"2024-08-06T22:58:15","guid":{"rendered":"https:\/\/healthybreadbylukas.ie\/product\/onion-roll-cebularz\/"},"modified":"2025-02-03T21:43:01","modified_gmt":"2025-02-03T21:43:01","slug":"cebularz","status":"publish","type":"product","link":"https:\/\/healthybreadbylukas.ie\/pl\/produkt\/cebularz\/","title":{"rendered":"Bu\u0142ka cebulowa \"Cebularz\""},"content":{"rendered":"<p>Bu\u0142ka cebulowa \"Cebularz\" to polska, aromatyczna bu\u0142ka o mi\u0119kkim, delikatnym cie\u015bcie nasyconym pikantn\u0105 s\u0142odycz\u0105 karmelizowanej cebuli. Wykonana z m\u0105ki pszennej, ma\u015blanki i zakwasu, bu\u0142ka ma lekk\u0105, puszyst\u0105 konsystencj\u0119, kt\u00f3ra pi\u0119knie kontrastuje z bogatym smakiem umami cebuli. Cebula jest zapiekana w cie\u015bcie, dodaj\u0105c subtelnej s\u0142odyczy i g\u0142\u0119bokiej, pikantnej nuty, kt\u00f3ra sprawia, \u017ce tej bu\u0142ce nie mo\u017cna si\u0119 oprze\u0107. Dro\u017cd\u017ce zapewniaj\u0105 doskona\u0142e wyro\u015bni\u0119cie, nadaj\u0105c bu\u0142ce charakterystyczn\u0105 przewiewn\u0105 mi\u0119kko\u015b\u0107. Idealna do zup, sa\u0142atek lub jako samodzielny dodatek, ta bu\u0142ka jest pysznym i aromatycznym przysmakiem.<\/p>","protected":false},"excerpt":{"rendered":"<p>Rozkoszuj si\u0119 naszymi \u015bwie\u017co wypiekanymi bu\u0142eczkami cebulowymi - Cebularz, wytwarzanymi tradycyjnymi metodami, i z \u0142atwo\u015bci\u0105 zamawiaj je online z dostaw\u0105 do dowolnego miejsca w Irlandii.<\/p>\n<p>Sk\u0142adniki: woda, ma\u015blanka, s\u00f3l, dro\u017cd\u017ce, m\u0105ka pszenna, zakwas, cebula<\/p>","protected":false},"featured_media":1241,"comment_status":"open","ping_status":"closed","template":"","meta":{"_acf_changed":false},"product_brand":[],"product_cat":[39],"product_tag":[],"class_list":{"0":"post-1283","1":"product","2":"type-product","3":"status-publish","4":"has-post-thumbnail","6":"product_cat-traditional-goods","8":"first","9":"instock","10":"purchasable","11":"product-type-simple"},"acf":[],"_links":{"self":[{"href":"https:\/\/healthybreadbylukas.ie\/pl\/wp-json\/wp\/v2\/product\/1283","targetHints":{"allow":["GET"]}}],"collection":[{"href":"https:\/\/healthybreadbylukas.ie\/pl\/wp-json\/wp\/v2\/product"}],"about":[{"href":"https:\/\/healthybreadbylukas.ie\/pl\/wp-json\/wp\/v2\/types\/product"}],"replies":[{"embeddable":true,"href":"https:\/\/healthybreadbylukas.ie\/pl\/wp-json\/wp\/v2\/comments?post=1283"}],"wp:featuredmedia":[{"embeddable":true,"href":"https:\/\/healthybreadbylukas.ie\/pl\/wp-json\/wp\/v2\/media\/1241"}],"wp:attachment":[{"href":"https:\/\/healthybreadbylukas.ie\/pl\/wp-json\/wp\/v2\/media?parent=1283"}],"wp:term":[{"taxonomy":"product_brand","embeddable":true,"href":"https:\/\/healthybreadbylukas.ie\/pl\/wp-json\/wp\/v2\/product_brand?post=1283"},{"taxonomy":"product_cat","embeddable":true,"href":"https:\/\/healthybreadbylukas.ie\/pl\/wp-json\/wp\/v2\/product_cat?post=1283"},{"taxonomy":"product_tag","embeddable":true,"href":"https:\/\/healthybreadbylukas.ie\/pl\/wp-json\/wp\/v2\/product_tag?post=1283"}],"curies":[{"name":"wp","href":"https:\/\/api.w.org\/{rel}","templated":true}]}}