{"id":1285,"date":"2024-08-06T22:58:15","date_gmt":"2024-08-06T22:58:15","guid":{"rendered":"https:\/\/healthybreadbylukas.ie\/product\/roll-with-grains-and-salt\/"},"modified":"2025-02-03T21:43:13","modified_gmt":"2025-02-03T21:43:13","slug":"bulka-z-ziarnami-i-sola","status":"publish","type":"product","link":"https:\/\/healthybreadbylukas.ie\/pl\/produkt\/bulka-z-ziarnami-i-sola\/","title":{"rendered":"Bu\u0142ka z ziarnami i sol\u0105"},"content":{"rendered":"<p>Bu\u0142ka z ziarnami i sol\u0105 to pikantna, teksturowana rozkosz, zawieraj\u0105ca mieszank\u0119 zdrowych ziaren upieczonych w mi\u0119kkim, delikatnym cie\u015bcie. Wykonana z m\u0105ki pszennej, ma\u015blanki i zakwasu, bu\u0142ka ma bogaty, lekko pikantny smak, kt\u00f3ry jest wzmocniony przez ziarna i lekk\u0105 posypk\u0119 sol\u0105. Ziarna zapewniaj\u0105 satysfakcjonuj\u0105c\u0105 chrupko\u015b\u0107, dzi\u0119ki czemu ka\u017cdy k\u0119s jest zar\u00f3wno aromatyczny, jak i po\u017cywny. Dro\u017cd\u017ce zapewniaj\u0105 lekk\u0105, przewiewn\u0105 konsystencj\u0119, a s\u00f3l dodaje odpowiedni\u0105 ilo\u015b\u0107 przypraw, aby wydoby\u0107 naturalne smaki. Idealne do spo\u017cywania samodzielnie lub jako dodatek do ka\u017cdego posi\u0142ku.<\/p>","protected":false},"excerpt":{"rendered":"<p>Ciesz si\u0119 nasz\u0105 klasyczn\u0105 bu\u0142k\u0105 z ziarnami i sol\u0105, \u015bwie\u017co wypiekan\u0105 przy u\u017cyciu wy\u0142\u0105cznie naturalnych sk\u0142adnik\u00f3w i tradycyjnych metod pieczenia. Zam\u00f3w online w dowolnym miejscu w Irlandii.<\/p>\n<p>Sk\u0142adniki: woda, ma\u015blanka, s\u00f3l, dro\u017cd\u017ce, m\u0105ka pszenna, zakwas, olej, mieszanka ziaren.<\/p>","protected":false},"featured_media":1726,"comment_status":"open","ping_status":"closed","template":"","meta":{"_acf_changed":false},"product_brand":[],"product_cat":[38],"product_tag":[],"class_list":{"0":"post-1285","1":"product","2":"type-product","3":"status-publish","4":"has-post-thumbnail","6":"product_cat-rolls","8":"first","9":"instock","10":"purchasable","11":"product-type-simple"},"acf":[],"_links":{"self":[{"href":"https:\/\/healthybreadbylukas.ie\/pl\/wp-json\/wp\/v2\/product\/1285","targetHints":{"allow":["GET"]}}],"collection":[{"href":"https:\/\/healthybreadbylukas.ie\/pl\/wp-json\/wp\/v2\/product"}],"about":[{"href":"https:\/\/healthybreadbylukas.ie\/pl\/wp-json\/wp\/v2\/types\/product"}],"replies":[{"embeddable":true,"href":"https:\/\/healthybreadbylukas.ie\/pl\/wp-json\/wp\/v2\/comments?post=1285"}],"wp:featuredmedia":[{"embeddable":true,"href":"https:\/\/healthybreadbylukas.ie\/pl\/wp-json\/wp\/v2\/media\/1726"}],"wp:attachment":[{"href":"https:\/\/healthybreadbylukas.ie\/pl\/wp-json\/wp\/v2\/media?parent=1285"}],"wp:term":[{"taxonomy":"product_brand","embeddable":true,"href":"https:\/\/healthybreadbylukas.ie\/pl\/wp-json\/wp\/v2\/product_brand?post=1285"},{"taxonomy":"product_cat","embeddable":true,"href":"https:\/\/healthybreadbylukas.ie\/pl\/wp-json\/wp\/v2\/product_cat?post=1285"},{"taxonomy":"product_tag","embeddable":true,"href":"https:\/\/healthybreadbylukas.ie\/pl\/wp-json\/wp\/v2\/product_tag?post=1285"}],"curies":[{"name":"wp","href":"https:\/\/api.w.org\/{rel}","templated":true}]}}