{"id":1286,"date":"2024-08-06T22:58:15","date_gmt":"2024-08-06T22:58:15","guid":{"rendered":"https:\/\/healthybreadbylukas.ie\/product\/roll-mini-pizza\/"},"modified":"2025-02-03T21:43:06","modified_gmt":"2025-02-03T21:43:06","slug":"mini-pizza-w-bulce","status":"publish","type":"product","link":"https:\/\/healthybreadbylukas.ie\/pl\/produkt\/mini-pizza-w-bulce\/","title":{"rendered":"Mini Pizza"},"content":{"rendered":"<p>Ta mini pizza to aromatyczny przysmak wielko\u015bci k\u0119sa, \u0142\u0105cz\u0105cy mi\u0119kkie, delikatne ciasto z bogat\u0105 i pikantn\u0105 polew\u0105. Wykonany z m\u0105ki pszennej, ma\u015blanki i zakwasu, sp\u00f3d jest lekki i przewiewny, zapewniaj\u0105c idealn\u0105 podstaw\u0119 dla \u017cywego sosu pomidorowego, sma\u017conej cebuli i mieszanki \u015bwie\u017cych warzyw, w tym papryki, og\u00f3rk\u00f3w i grzyb\u00f3w. Ka\u017cdy k\u0119s oferuje zachwycaj\u0105c\u0105 r\u00f3wnowag\u0119 pikantnego pomidora, s\u0142odkiej cebuli i ziemistych smak\u00f3w warzyw, a wszystko to wzmocnione lekko pikantnym ciastem. Dro\u017cd\u017ce zapewniaj\u0105 doskona\u0142y wzrost, dzi\u0119ki czemu ta mini pizza jest satysfakcjonuj\u0105c\u0105 i wygodn\u0105 przek\u0105sk\u0105 lub lekkim posi\u0142kiem.<\/p>","protected":false},"excerpt":{"rendered":"<p>Delektuj si\u0119 naszymi \u015bwie\u017co wypiekanymi minipizzami, przygotowywanymi tradycyjnymi metodami piekarniczymi, i wygodnie zamawiaj je online z dowolnego miejsca w Irlandii.<\/p>\n<p>Sk\u0142adniki: woda, ma\u015blanka, s\u00f3l, dro\u017cd\u017ce, m\u0105ka pszenna, zakwas, cebula, sos pomidorowy, papryka, og\u00f3rek, pieczarki<\/p>","protected":false},"featured_media":1554,"comment_status":"open","ping_status":"closed","template":"","meta":{"_acf_changed":false},"product_brand":[],"product_cat":[39],"product_tag":[],"class_list":{"0":"post-1286","1":"product","2":"type-product","3":"status-publish","4":"has-post-thumbnail","6":"product_cat-traditional-goods","8":"first","9":"instock","10":"purchasable","11":"product-type-simple"},"acf":[],"_links":{"self":[{"href":"https:\/\/healthybreadbylukas.ie\/pl\/wp-json\/wp\/v2\/product\/1286","targetHints":{"allow":["GET"]}}],"collection":[{"href":"https:\/\/healthybreadbylukas.ie\/pl\/wp-json\/wp\/v2\/product"}],"about":[{"href":"https:\/\/healthybreadbylukas.ie\/pl\/wp-json\/wp\/v2\/types\/product"}],"replies":[{"embeddable":true,"href":"https:\/\/healthybreadbylukas.ie\/pl\/wp-json\/wp\/v2\/comments?post=1286"}],"wp:featuredmedia":[{"embeddable":true,"href":"https:\/\/healthybreadbylukas.ie\/pl\/wp-json\/wp\/v2\/media\/1554"}],"wp:attachment":[{"href":"https:\/\/healthybreadbylukas.ie\/pl\/wp-json\/wp\/v2\/media?parent=1286"}],"wp:term":[{"taxonomy":"product_brand","embeddable":true,"href":"https:\/\/healthybreadbylukas.ie\/pl\/wp-json\/wp\/v2\/product_brand?post=1286"},{"taxonomy":"product_cat","embeddable":true,"href":"https:\/\/healthybreadbylukas.ie\/pl\/wp-json\/wp\/v2\/product_cat?post=1286"},{"taxonomy":"product_tag","embeddable":true,"href":"https:\/\/healthybreadbylukas.ie\/pl\/wp-json\/wp\/v2\/product_tag?post=1286"}],"curies":[{"name":"wp","href":"https:\/\/api.w.org\/{rel}","templated":true}]}}