{"id":1287,"date":"2024-08-06T22:58:15","date_gmt":"2024-08-06T22:58:15","guid":{"rendered":"https:\/\/healthybreadbylukas.ie\/product\/roll-7-grains\/"},"modified":"2025-02-15T16:12:01","modified_gmt":"2025-02-15T16:12:01","slug":"rolka-7-ziaren","status":"publish","type":"product","link":"https:\/\/healthybreadbylukas.ie\/pl\/produkt\/rolka-7-ziaren\/","title":{"rendered":"Roll 7 Grains"},"content":{"rendered":"<p>Roll 7 Grains to obfity i po\u017cywny wyb\u00f3r, wype\u0142niony mieszank\u0105 siedmiu pe\u0142nowarto\u015bciowych ziaren. Ziarna dodaj\u0105 zachwycaj\u0105cej chrupko\u015bci i tekstury, dzi\u0119ki czemu ka\u017cdy k\u0119s jest zar\u00f3wno satysfakcjonuj\u0105cy, jak i pe\u0142en naturalnych dobroci. Dro\u017cd\u017ce zapewniaj\u0105 lekki, przewiewny mi\u0119kisz, a odrobina soli wzmacnia og\u00f3lny profil smakowy. Ta bu\u0142ka jest idealna dla tych, kt\u00f3rzy szukaj\u0105 pysznej i zdrowej opcji, aby cieszy\u0107 si\u0119 ni\u0105 samodzielnie lub do posi\u0142ku.<\/p>","protected":false},"excerpt":{"rendered":"<p>Charakterystyczna bu\u0142ka \"7 Grains\", stworzona z mieszanki naturalnych ziaren i pe\u0142nowarto\u015bciowych sk\u0142adnik\u00f3w - idealna r\u00f3wnowaga tekstury i smaku w ka\u017cdym k\u0119sie.<\/p>\n<p>Sk\u0142adniki: woda, zakwas, olej, ma\u015blanka, s\u00f3l, dro\u017cd\u017ce, mieszanka nasion<\/p>","protected":false},"featured_media":1724,"comment_status":"open","ping_status":"closed","template":"","meta":{"_acf_changed":false},"product_brand":[],"product_cat":[38],"product_tag":[],"class_list":{"0":"post-1287","1":"product","2":"type-product","3":"status-publish","4":"has-post-thumbnail","6":"product_cat-rolls","8":"first","9":"instock","10":"purchasable","11":"product-type-simple"},"acf":[],"_links":{"self":[{"href":"https:\/\/healthybreadbylukas.ie\/pl\/wp-json\/wp\/v2\/product\/1287","targetHints":{"allow":["GET"]}}],"collection":[{"href":"https:\/\/healthybreadbylukas.ie\/pl\/wp-json\/wp\/v2\/product"}],"about":[{"href":"https:\/\/healthybreadbylukas.ie\/pl\/wp-json\/wp\/v2\/types\/product"}],"replies":[{"embeddable":true,"href":"https:\/\/healthybreadbylukas.ie\/pl\/wp-json\/wp\/v2\/comments?post=1287"}],"wp:featuredmedia":[{"embeddable":true,"href":"https:\/\/healthybreadbylukas.ie\/pl\/wp-json\/wp\/v2\/media\/1724"}],"wp:attachment":[{"href":"https:\/\/healthybreadbylukas.ie\/pl\/wp-json\/wp\/v2\/media?parent=1287"}],"wp:term":[{"taxonomy":"product_brand","embeddable":true,"href":"https:\/\/healthybreadbylukas.ie\/pl\/wp-json\/wp\/v2\/product_brand?post=1287"},{"taxonomy":"product_cat","embeddable":true,"href":"https:\/\/healthybreadbylukas.ie\/pl\/wp-json\/wp\/v2\/product_cat?post=1287"},{"taxonomy":"product_tag","embeddable":true,"href":"https:\/\/healthybreadbylukas.ie\/pl\/wp-json\/wp\/v2\/product_tag?post=1287"}],"curies":[{"name":"wp","href":"https:\/\/api.w.org\/{rel}","templated":true}]}}