{"id":1590,"date":"2024-09-21T00:32:06","date_gmt":"2024-09-21T00:32:06","guid":{"rendered":"https:\/\/healthybreadbylukas.ie\/?post_type=product&#038;p=1590"},"modified":"2025-01-10T16:35:42","modified_gmt":"2025-01-10T16:35:42","slug":"ciasto-z-jablkami-i-brzoskwiniami","status":"publish","type":"product","link":"https:\/\/healthybreadbylukas.ie\/pl\/produkt\/ciasto-z-jablkami-i-brzoskwiniami\/","title":{"rendered":"Ciasto z jab\u0142kami i brzoskwiniami"},"content":{"rendered":"<p>Poczuj \u015bwie\u017cy powiew smaku dzi\u0119ki naszemu ciastu z jab\u0142kami i brzoskwiniami, upieczonemu do perfekcji w naszej piekarni w Dublinie. Ciasto to, dost\u0119pne z dostaw\u0105 na terenie ca\u0142ej Irlandii, \u0142\u0105czy w sobie naturaln\u0105 s\u0142odycz dojrza\u0142ych jab\u0142ek i soczystych brzoskwi\u0144, tworz\u0105c wspania\u0142y przysmak na ka\u017cd\u0105 okazj\u0119. Mi\u0119kka, wilgotna konsystencja i owocowy smak sprawi\u0105, \u017ce z ka\u017cdym k\u0119sem b\u0119dziesz mie\u0107 ochot\u0119 na wi\u0119cej.<\/p>","protected":false},"excerpt":{"rendered":"<p>Idealna r\u00f3wnowaga s\u0142odyczy i lekko\u015bci, to ciasto jest prawdziw\u0105 przyjemno\u015bci\u0105 dla t\u0142um\u00f3w, zar\u00f3wno w domu, jak i w gronie najbli\u017cszych!<\/p>","protected":false},"featured_media":1600,"comment_status":"open","ping_status":"closed","template":"","meta":{"_acf_changed":false},"product_brand":[],"product_cat":[40],"product_tag":[],"class_list":{"0":"post-1590","1":"product","2":"type-product","3":"status-publish","4":"has-post-thumbnail","6":"product_cat-cakes","8":"first","9":"instock","10":"taxable","11":"shipping-taxable","12":"purchasable","13":"product-type-simple"},"acf":[],"_links":{"self":[{"href":"https:\/\/healthybreadbylukas.ie\/pl\/wp-json\/wp\/v2\/product\/1590","targetHints":{"allow":["GET"]}}],"collection":[{"href":"https:\/\/healthybreadbylukas.ie\/pl\/wp-json\/wp\/v2\/product"}],"about":[{"href":"https:\/\/healthybreadbylukas.ie\/pl\/wp-json\/wp\/v2\/types\/product"}],"replies":[{"embeddable":true,"href":"https:\/\/healthybreadbylukas.ie\/pl\/wp-json\/wp\/v2\/comments?post=1590"}],"wp:featuredmedia":[{"embeddable":true,"href":"https:\/\/healthybreadbylukas.ie\/pl\/wp-json\/wp\/v2\/media\/1600"}],"wp:attachment":[{"href":"https:\/\/healthybreadbylukas.ie\/pl\/wp-json\/wp\/v2\/media?parent=1590"}],"wp:term":[{"taxonomy":"product_brand","embeddable":true,"href":"https:\/\/healthybreadbylukas.ie\/pl\/wp-json\/wp\/v2\/product_brand?post=1590"},{"taxonomy":"product_cat","embeddable":true,"href":"https:\/\/healthybreadbylukas.ie\/pl\/wp-json\/wp\/v2\/product_cat?post=1590"},{"taxonomy":"product_tag","embeddable":true,"href":"https:\/\/healthybreadbylukas.ie\/pl\/wp-json\/wp\/v2\/product_tag?post=1590"}],"curies":[{"name":"wp","href":"https:\/\/api.w.org\/{rel}","templated":true}]}}