{"id":1602,"date":"2024-09-21T16:50:46","date_gmt":"2024-09-21T16:50:46","guid":{"rendered":"https:\/\/healthybreadbylukas.ie\/?post_type=product&#038;p=1602"},"modified":"2025-01-10T16:35:42","modified_gmt":"2025-01-10T16:35:42","slug":"ciasto-z-jablkami-i-cynamonem","status":"publish","type":"product","link":"https:\/\/healthybreadbylukas.ie\/pl\/produkt\/ciasto-z-jablkami-i-cynamonem\/","title":{"rendered":"Ciasto z jab\u0142kami i cynamonem"},"content":{"rendered":"<p>Rozkoszuj si\u0119 ciep\u0142ymi, pocieszaj\u0105cymi smakami naszego ciasta jab\u0142kowo-cynamonowego, \u015bwie\u017co upieczonego w naszej piekarni w Dublinie i dost\u0119pnego z dostaw\u0105 na terenie ca\u0142ej Irlandii. Idealne po\u0142\u0105czenie s\u0142odkich, soczystych jab\u0142ek i pachn\u0105cego cynamonu tworzy rozgrzewaj\u0105cy smako\u0142yk, kt\u00f3ry jest idealny na ka\u017cd\u0105 por\u0119 roku. Ka\u017cdy k\u0119s zapewnia przytulne doznania smakowe, przynosz\u0105c komfort domowego wypieku prosto na st\u00f3\u0142.<\/p>","protected":false},"excerpt":{"rendered":"<p>Idealny dla tych, kt\u00f3rzy kochaj\u0105 klasyczne, ponadczasowe po\u0142\u0105czenia smakowe z nowoczesnym akcentem!<\/p>","protected":false},"featured_media":1600,"comment_status":"open","ping_status":"closed","template":"","meta":{"_acf_changed":false},"product_brand":[],"product_cat":[40],"product_tag":[],"class_list":{"0":"post-1602","1":"product","2":"type-product","3":"status-publish","4":"has-post-thumbnail","6":"product_cat-cakes","8":"first","9":"instock","10":"taxable","11":"shipping-taxable","12":"purchasable","13":"product-type-simple"},"acf":[],"_links":{"self":[{"href":"https:\/\/healthybreadbylukas.ie\/pl\/wp-json\/wp\/v2\/product\/1602","targetHints":{"allow":["GET"]}}],"collection":[{"href":"https:\/\/healthybreadbylukas.ie\/pl\/wp-json\/wp\/v2\/product"}],"about":[{"href":"https:\/\/healthybreadbylukas.ie\/pl\/wp-json\/wp\/v2\/types\/product"}],"replies":[{"embeddable":true,"href":"https:\/\/healthybreadbylukas.ie\/pl\/wp-json\/wp\/v2\/comments?post=1602"}],"wp:featuredmedia":[{"embeddable":true,"href":"https:\/\/healthybreadbylukas.ie\/pl\/wp-json\/wp\/v2\/media\/1600"}],"wp:attachment":[{"href":"https:\/\/healthybreadbylukas.ie\/pl\/wp-json\/wp\/v2\/media?parent=1602"}],"wp:term":[{"taxonomy":"product_brand","embeddable":true,"href":"https:\/\/healthybreadbylukas.ie\/pl\/wp-json\/wp\/v2\/product_brand?post=1602"},{"taxonomy":"product_cat","embeddable":true,"href":"https:\/\/healthybreadbylukas.ie\/pl\/wp-json\/wp\/v2\/product_cat?post=1602"},{"taxonomy":"product_tag","embeddable":true,"href":"https:\/\/healthybreadbylukas.ie\/pl\/wp-json\/wp\/v2\/product_tag?post=1602"}],"curies":[{"name":"wp","href":"https:\/\/api.w.org\/{rel}","templated":true}]}}