{"id":1895,"date":"2025-04-06T21:13:28","date_gmt":"2025-04-06T21:13:28","guid":{"rendered":"https:\/\/healthybreadbylukas.ie\/product\/kinder-bueno-donut\/"},"modified":"2025-04-06T21:28:51","modified_gmt":"2025-04-06T21:28:51","slug":"paczek-kinder-bueno","status":"publish","type":"product","link":"https:\/\/healthybreadbylukas.ie\/pl\/produkt\/paczek-kinder-bueno\/","title":{"rendered":"Kinder Bueno Donut"},"content":{"rendered":"<p>Rozkoszuj si\u0119 naszym p\u0105czkiem Kinder Bueno, w kt\u00f3rym tradycja \u0142\u0105czy si\u0119 z zabawn\u0105 innowacj\u0105. Stworzony z najwy\u017cszej jako\u015bci sk\u0142adnik\u00f3w - mleka, mas\u0142a, cukru, dro\u017cd\u017cy, jajek i m\u0105ki pszennej - ten p\u0105czek zapewnia lekk\u0105, puszyst\u0105 konsystencj\u0119, kt\u00f3ra doskonale r\u00f3wnowa\u017cy luksusowe nadzienie inspirowane Kinder Bueno. Ka\u017cdy k\u0119s ujawnia harmonijne po\u0142\u0105czenie kremowej mlecznej czekolady i nut orzech\u00f3w laskowych, tworz\u0105c s\u0142odki, nostalgiczny przysmak, kt\u00f3ry zachwyca zmys\u0142y. Niezale\u017cnie od tego, czy jest to poranna przek\u0105ska, czy popo\u0142udniowy przysmak, ten p\u0105czek z pewno\u015bci\u0105 stanie si\u0119 nowym ulubie\u0144cem mi\u0142o\u015bnik\u00f3w czekolady na ca\u0142ym \u015bwiecie.<\/p>","protected":false},"excerpt":{"rendered":"<p>Kinder Bueno Donut to zachwycaj\u0105ca wariacja na temat klasycznego faworyta, oferuj\u0105ca mi\u0119kk\u0105, przewiewn\u0105 baz\u0119 wzbogacon\u0105 mlekiem, mas\u0142em, cukrem, dro\u017cd\u017cami, jajkami i m\u0105k\u0105 pszenn\u0105, wype\u0142nion\u0105 nieodpartym smakiem Kinder Bueno.<\/p>","protected":false},"featured_media":1901,"comment_status":"open","ping_status":"closed","template":"","meta":{"_acf_changed":false},"product_brand":[],"product_cat":[37],"product_tag":[],"class_list":{"0":"post-1895","1":"product","2":"type-product","3":"status-publish","4":"has-post-thumbnail","6":"product_cat-donuts","8":"first","9":"instock","10":"taxable","11":"shipping-taxable","12":"purchasable","13":"product-type-simple"},"acf":[],"_links":{"self":[{"href":"https:\/\/healthybreadbylukas.ie\/pl\/wp-json\/wp\/v2\/product\/1895","targetHints":{"allow":["GET"]}}],"collection":[{"href":"https:\/\/healthybreadbylukas.ie\/pl\/wp-json\/wp\/v2\/product"}],"about":[{"href":"https:\/\/healthybreadbylukas.ie\/pl\/wp-json\/wp\/v2\/types\/product"}],"replies":[{"embeddable":true,"href":"https:\/\/healthybreadbylukas.ie\/pl\/wp-json\/wp\/v2\/comments?post=1895"}],"wp:featuredmedia":[{"embeddable":true,"href":"https:\/\/healthybreadbylukas.ie\/pl\/wp-json\/wp\/v2\/media\/1901"}],"wp:attachment":[{"href":"https:\/\/healthybreadbylukas.ie\/pl\/wp-json\/wp\/v2\/media?parent=1895"}],"wp:term":[{"taxonomy":"product_brand","embeddable":true,"href":"https:\/\/healthybreadbylukas.ie\/pl\/wp-json\/wp\/v2\/product_brand?post=1895"},{"taxonomy":"product_cat","embeddable":true,"href":"https:\/\/healthybreadbylukas.ie\/pl\/wp-json\/wp\/v2\/product_cat?post=1895"},{"taxonomy":"product_tag","embeddable":true,"href":"https:\/\/healthybreadbylukas.ie\/pl\/wp-json\/wp\/v2\/product_tag?post=1895"}],"curies":[{"name":"wp","href":"https:\/\/api.w.org\/{rel}","templated":true}]}}