{"id":1898,"date":"2025-04-06T21:13:28","date_gmt":"2025-04-06T21:13:28","guid":{"rendered":"https:\/\/healthybreadbylukas.ie\/product\/donut-with-plum\/"},"modified":"2025-04-06T21:27:58","modified_gmt":"2025-04-06T21:27:58","slug":"paczek-ze-sliwka","status":"publish","type":"product","link":"https:\/\/healthybreadbylukas.ie\/pl\/produkt\/paczek-ze-sliwka\/","title":{"rendered":"P\u0105czek ze \u015bliwk\u0105"},"content":{"rendered":"<p>Odkryj nieoczekiwan\u0105 rozkosz naszego p\u0105czka ze \u015bliwk\u0105. Wykonany ze starannie zbilansowanego ciasta z mleka, mas\u0142a, cukru, dro\u017cd\u017cy, jajek i m\u0105ki pszennej, ten przysmak oferuje mi\u0119kk\u0105, aromatyczn\u0105 baz\u0119, kt\u00f3ra doskonale uzupe\u0142nia bogate nadzienie \u015bliwkowe. S\u0142odko-cierpki kompot \u015bliwkowy eksploduje smakiem, dodaj\u0105c orze\u017awiaj\u0105cy akcent do klasycznego p\u0105czka. Zar\u00f3wno w po\u0142\u0105czeniu z fili\u017cank\u0105 herbaty, jak i samodzielnie, ten p\u0105czek zapewnia wyrafinowan\u0105 r\u00f3wnowag\u0119 s\u0142odyczy i pikantno\u015bci, kt\u00f3ra z pewno\u015bci\u0105 zachwyci Twoje podniebienie.<\/p>","protected":false},"excerpt":{"rendered":"<p>Ciesz si\u0119 wyj\u0105tkowym, pikantno-s\u0142odkim doznaniem dzi\u0119ki naszemu p\u0105czkowi ze \u015bliwk\u0105, z lekkim, ma\u015blanym ciastem wzbogaconym mlekiem, mas\u0142em, cukrem, dro\u017cd\u017cami, jajkami i m\u0105k\u0105 pszenn\u0105, wype\u0142nionym soczystym kompotem \u015bliwkowym.<\/p>","protected":false},"featured_media":1904,"comment_status":"open","ping_status":"closed","template":"","meta":{"_acf_changed":false},"product_brand":[],"product_cat":[37],"product_tag":[],"class_list":{"0":"post-1898","1":"product","2":"type-product","3":"status-publish","4":"has-post-thumbnail","6":"product_cat-donuts","8":"first","9":"instock","10":"taxable","11":"shipping-taxable","12":"purchasable","13":"product-type-simple"},"acf":[],"_links":{"self":[{"href":"https:\/\/healthybreadbylukas.ie\/pl\/wp-json\/wp\/v2\/product\/1898","targetHints":{"allow":["GET"]}}],"collection":[{"href":"https:\/\/healthybreadbylukas.ie\/pl\/wp-json\/wp\/v2\/product"}],"about":[{"href":"https:\/\/healthybreadbylukas.ie\/pl\/wp-json\/wp\/v2\/types\/product"}],"replies":[{"embeddable":true,"href":"https:\/\/healthybreadbylukas.ie\/pl\/wp-json\/wp\/v2\/comments?post=1898"}],"wp:featuredmedia":[{"embeddable":true,"href":"https:\/\/healthybreadbylukas.ie\/pl\/wp-json\/wp\/v2\/media\/1904"}],"wp:attachment":[{"href":"https:\/\/healthybreadbylukas.ie\/pl\/wp-json\/wp\/v2\/media?parent=1898"}],"wp:term":[{"taxonomy":"product_brand","embeddable":true,"href":"https:\/\/healthybreadbylukas.ie\/pl\/wp-json\/wp\/v2\/product_brand?post=1898"},{"taxonomy":"product_cat","embeddable":true,"href":"https:\/\/healthybreadbylukas.ie\/pl\/wp-json\/wp\/v2\/product_cat?post=1898"},{"taxonomy":"product_tag","embeddable":true,"href":"https:\/\/healthybreadbylukas.ie\/pl\/wp-json\/wp\/v2\/product_tag?post=1898"}],"curies":[{"name":"wp","href":"https:\/\/api.w.org\/{rel}","templated":true}]}}