{"id":1900,"date":"2025-04-06T21:13:29","date_gmt":"2025-04-06T21:13:29","guid":{"rendered":"https:\/\/healthybreadbylukas.ie\/product\/donut-with-lotus-cookie-filling\/"},"modified":"2025-04-07T09:37:26","modified_gmt":"2025-04-07T09:37:26","slug":"paczek-z-nadzieniem-z-ciasteczek-lotos","status":"publish","type":"product","link":"https:\/\/healthybreadbylukas.ie\/pl\/produkt\/paczek-z-nadzieniem-z-ciasteczek-lotos\/","title":{"rendered":"P\u0105czek z nadzieniem z ciasteczek Lotus"},"content":{"rendered":"<p>Rozkoszuj si\u0119 nieodpart\u0105 fuzj\u0105 smak\u00f3w naszego p\u0105czka z nadzieniem Lotus Cookie. Przygotowany z najlepszych sk\u0142adnik\u00f3w - mleka, mas\u0142a, cukru, dro\u017cd\u017cy, jajek i m\u0105ki pszennej - ten p\u0105czek ma idealnie mi\u0119kk\u0105 i lekk\u0105 konsystencj\u0119, kt\u00f3ra przygotowuje scen\u0119 dla jego g\u0142\u00f3wnego sk\u0142adnika: g\u0142adkiego, pob\u0142a\u017cliwego nadzienia z ciasteczek Lotus. Unikalny korzenny smak ciasteczek Lotus zapewnia rozgrzewaj\u0105cy, aromatyczny kontrast ze s\u0142odkim, delikatnym ciastem, dzi\u0119ki czemu ka\u017cdy k\u0119s jest dekadenckim doznaniem. Niezale\u017cnie od tego, czy jest to popo\u0142udniowy przysmak, czy specjalny deser, ten p\u0105czek oferuje wy\u015bmienit\u0105 wariacj\u0119 na temat ukochanego klasyka.<\/p>","protected":false},"excerpt":{"rendered":"<p>Podnie\u015b sw\u00f3j czas na przek\u0105sk\u0119 dzi\u0119ki naszemu p\u0105czkowi z nadzieniem ciasteczkowym Lotus, zawieraj\u0105cym bogat\u0105, ma\u015blan\u0105 baz\u0119 z mleka, mas\u0142a, cukru, dro\u017cd\u017cy, jajek i m\u0105ki pszennej, uzupe\u0142nion\u0105 kremowym, przyprawionym ciasteczkiem Lotus.<\/p>","protected":false},"featured_media":1907,"comment_status":"open","ping_status":"closed","template":"","meta":{"_acf_changed":false},"product_brand":[],"product_cat":[37],"product_tag":[],"class_list":{"0":"post-1900","1":"product","2":"type-product","3":"status-publish","4":"has-post-thumbnail","6":"product_cat-donuts","8":"first","9":"outofstock","10":"taxable","11":"shipping-taxable","12":"purchasable","13":"product-type-simple"},"acf":[],"_links":{"self":[{"href":"https:\/\/healthybreadbylukas.ie\/pl\/wp-json\/wp\/v2\/product\/1900","targetHints":{"allow":["GET"]}}],"collection":[{"href":"https:\/\/healthybreadbylukas.ie\/pl\/wp-json\/wp\/v2\/product"}],"about":[{"href":"https:\/\/healthybreadbylukas.ie\/pl\/wp-json\/wp\/v2\/types\/product"}],"replies":[{"embeddable":true,"href":"https:\/\/healthybreadbylukas.ie\/pl\/wp-json\/wp\/v2\/comments?post=1900"}],"wp:featuredmedia":[{"embeddable":true,"href":"https:\/\/healthybreadbylukas.ie\/pl\/wp-json\/wp\/v2\/media\/1907"}],"wp:attachment":[{"href":"https:\/\/healthybreadbylukas.ie\/pl\/wp-json\/wp\/v2\/media?parent=1900"}],"wp:term":[{"taxonomy":"product_brand","embeddable":true,"href":"https:\/\/healthybreadbylukas.ie\/pl\/wp-json\/wp\/v2\/product_brand?post=1900"},{"taxonomy":"product_cat","embeddable":true,"href":"https:\/\/healthybreadbylukas.ie\/pl\/wp-json\/wp\/v2\/product_cat?post=1900"},{"taxonomy":"product_tag","embeddable":true,"href":"https:\/\/healthybreadbylukas.ie\/pl\/wp-json\/wp\/v2\/product_tag?post=1900"}],"curies":[{"name":"wp","href":"https:\/\/api.w.org\/{rel}","templated":true}]}}