{"id":1966,"date":"2025-04-17T19:11:40","date_gmt":"2025-04-17T19:11:40","guid":{"rendered":"https:\/\/healthybreadbylukas.ie\/?post_type=product&#038;p=1966"},"modified":"2025-04-17T19:17:30","modified_gmt":"2025-04-17T19:17:30","slug":"paczek-z-wisnia","status":"publish","type":"product","link":"https:\/\/healthybreadbylukas.ie\/pl\/produkt\/paczek-z-wisnia\/","title":{"rendered":"P\u0105czek z wi\u015bni\u0105"},"content":{"rendered":"<p>Odkryj swoje nowe ulubione wypieki: nasze p\u0105czki z wi\u015bni\u0105. Ka\u017cdy p\u0105czek zaczyna si\u0119 od delikatnego, z\u0142otobr\u0105zowego ciasta z wysokiej jako\u015bci mleka, kremowego mas\u0142a, naturalnego cukru, aktywnych dro\u017cd\u017cy, \u015bwie\u017cych jaj i wysokiej jako\u015bci m\u0105ki pszennej. Po delikatnym wyro\u015bni\u0119ciu, aby zapewni\u0107 maksymaln\u0105 puszysto\u015b\u0107, ciasto jest sma\u017cone do delikatnej chrupko\u015bci na zewn\u0105trz, pozostaj\u0105c mi\u0119kkie i lekkie w \u015brodku.<\/p>\n<p>Po perfekcyjnym upieczeniu, ka\u017cdy p\u0105czek jest nadziewany soczystym wi\u015bniowym nadzieniem, przygotowanym z r\u0119cznie zbieranych wi\u015bni o najwy\u017cszej dojrza\u0142o\u015bci. Nadzienie wybucha \u017cywym kolorem i naturalnie s\u0142odko-cierpkim smakiem, tworz\u0105c zachwycaj\u0105cy kontrast z ma\u015blanym ciastem. Lekkie posypanie cukrem wie\u0144czy wierzch, dodaj\u0105c odpowiedni\u0105 ilo\u015b\u0107 chrupko\u015bci i blasku.<\/p>\n<p>Idealny na \u015bniadanie wraz z fili\u017cank\u0105 paruj\u0105cej kawy, jako popo\u0142udniowy podwieczorek lub jako specjalny deser do dzielenia si\u0119 (je\u015bli czujesz si\u0119 hojny!), nasz Donut z wi\u015bni\u0105 zapewnia piekarnicz\u0105 jako\u015b\u0107 smaku prosto na Tw\u00f3j st\u00f3\u0142. Wykonany bez sztucznych aromat\u00f3w i konserwant\u00f3w, jest klasycznym przysmakiem, kt\u00f3rego pragniesz - starannie wykonany, upieczony (i usma\u017cony) do perfekcji i gwarantuj\u0105cy u\u015bmiech na twarzy przy ka\u017cdym k\u0119sie.<\/p>","protected":false},"excerpt":{"rendered":"<p>Rozkoszuj si\u0119 nieodpartym po\u0142\u0105czeniem mi\u0119kkiego, mi\u0119kkiego ciasta i soczystego nadzienia wi\u015bniowego z naszym p\u0105czkiem z wi\u015bniami. Ten s\u0142odki przysmak, wytwarzany codziennie r\u0119cznie przy u\u017cyciu wy\u0142\u0105cznie najlepszych sk\u0142adnik\u00f3w - mleka, mas\u0142a, cukru, dro\u017cd\u017cy, jajek, m\u0105ki pszennej i dojrza\u0142ych wi\u015bni - oferuje idealn\u0105 r\u00f3wnowag\u0119 mi\u0119dzy bogatym, ma\u015blanym smakiem i jasnymi, owocowymi nutami.<\/p>","protected":false},"featured_media":1967,"comment_status":"open","ping_status":"closed","template":"","meta":{"_acf_changed":false},"product_brand":[],"product_cat":[37],"product_tag":[],"class_list":{"0":"post-1966","1":"product","2":"type-product","3":"status-publish","4":"has-post-thumbnail","6":"product_cat-donuts","8":"first","9":"instock","10":"taxable","11":"shipping-taxable","12":"purchasable","13":"product-type-simple"},"acf":[],"_links":{"self":[{"href":"https:\/\/healthybreadbylukas.ie\/pl\/wp-json\/wp\/v2\/product\/1966","targetHints":{"allow":["GET"]}}],"collection":[{"href":"https:\/\/healthybreadbylukas.ie\/pl\/wp-json\/wp\/v2\/product"}],"about":[{"href":"https:\/\/healthybreadbylukas.ie\/pl\/wp-json\/wp\/v2\/types\/product"}],"replies":[{"embeddable":true,"href":"https:\/\/healthybreadbylukas.ie\/pl\/wp-json\/wp\/v2\/comments?post=1966"}],"wp:featuredmedia":[{"embeddable":true,"href":"https:\/\/healthybreadbylukas.ie\/pl\/wp-json\/wp\/v2\/media\/1967"}],"wp:attachment":[{"href":"https:\/\/healthybreadbylukas.ie\/pl\/wp-json\/wp\/v2\/media?parent=1966"}],"wp:term":[{"taxonomy":"product_brand","embeddable":true,"href":"https:\/\/healthybreadbylukas.ie\/pl\/wp-json\/wp\/v2\/product_brand?post=1966"},{"taxonomy":"product_cat","embeddable":true,"href":"https:\/\/healthybreadbylukas.ie\/pl\/wp-json\/wp\/v2\/product_cat?post=1966"},{"taxonomy":"product_tag","embeddable":true,"href":"https:\/\/healthybreadbylukas.ie\/pl\/wp-json\/wp\/v2\/product_tag?post=1966"}],"curies":[{"name":"wp","href":"https:\/\/api.w.org\/{rel}","templated":true}]}}